{"id":1712,"date":"2024-07-23T13:33:35","date_gmt":"2024-07-23T13:33:35","guid":{"rendered":"https:\/\/ioda-congress.com\/2024\/?page_id=1712"},"modified":"2024-07-24T06:42:31","modified_gmt":"2024-07-24T06:42:31","slug":"pr-yann-nguyen","status":"publish","type":"page","link":"https:\/\/ioda-congress.com\/2024\/pr-yann-nguyen\/","title":{"rendered":"-Pr Yann Nguyen"},"content":{"rendered":"\t\t<div data-elementor-type=\"wp-page\" data-elementor-id=\"1712\" class=\"elementor elementor-1712\" data-elementor-post-type=\"page\">\n\t\t\t\t\t\t<section class=\"elementor-section elementor-top-section elementor-element elementor-element-745d42ae elementor-section-height-min-height elementor-section-boxed elementor-section-height-default elementor-section-items-middle\" data-id=\"745d42ae\" data-element_type=\"section\" data-settings=\"{&quot;background_background&quot;:&quot;classic&quot;}\">\n\t\t\t\t\t\t\t<div class=\"elementor-background-overlay\"><\/div>\n\t\t\t\t\t\t\t<div class=\"elementor-container elementor-column-gap-default\">\n\t\t\t\t\t<div class=\"elementor-column elementor-col-100 elementor-top-column elementor-element elementor-element-d96955d\" data-id=\"d96955d\" data-element_type=\"column\">\n\t\t\t<div class=\"elementor-widget-wrap elementor-element-populated\">\n\t\t\t\t\t\t<div class=\"elementor-element elementor-element-a2ec884 elementor-widget elementor-widget-heading\" data-id=\"a2ec884\" data-element_type=\"widget\" data-widget_type=\"heading.default\">\n\t\t\t\t<div class=\"elementor-widget-container\">\n\t\t\t<h2 class=\"elementor-heading-title elementor-size-default\">Prof Yann Nguyen<\/h2>\t\t<\/div>\n\t\t\t\t<\/div>\n\t\t\t\t<div class=\"elementor-element elementor-element-d0f94ba elementor-widget elementor-widget-heading\" data-id=\"d0f94ba\" data-element_type=\"widget\" data-widget_type=\"heading.default\">\n\t\t\t\t<div class=\"elementor-widget-container\">\n\t\t\t<h2 class=\"elementor-heading-title elementor-size-default\">France<\/h2>\t\t<\/div>\n\t\t\t\t<\/div>\n\t\t\t\t\t<\/div>\n\t\t<\/div>\n\t\t\t\t\t<\/div>\n\t\t<\/section>\n\t\t<div class=\"elementor-element elementor-element-6f3e27b e-flex e-con-boxed e-con e-parent\" data-id=\"6f3e27b\" data-element_type=\"container\">\n\t\t\t\t\t<div class=\"e-con-inner\">\n\t\t\t\t<div class=\"elementor-element elementor-element-d84bf12 elementor-widget elementor-widget-image\" data-id=\"d84bf12\" data-element_type=\"widget\" data-widget_type=\"image.default\">\n\t\t\t\t<div class=\"elementor-widget-container\">\n\t\t\t\t\t\t\t\t\t\t\t\t\t<img fetchpriority=\"high\" decoding=\"async\" width=\"1080\" height=\"1080\" src=\"https:\/\/ioda-congress.com\/2024\/wp-content\/uploads\/2024\/07\/4-1.png\" class=\"attachment-full size-full wp-image-1796\" alt=\"\" srcset=\"https:\/\/ioda-congress.com\/2024\/wp-content\/uploads\/2024\/07\/4-1.png 1080w, https:\/\/ioda-congress.com\/2024\/wp-content\/uploads\/2024\/07\/4-1-300x300.png 300w, https:\/\/ioda-congress.com\/2024\/wp-content\/uploads\/2024\/07\/4-1-1024x1024.png 1024w, https:\/\/ioda-congress.com\/2024\/wp-content\/uploads\/2024\/07\/4-1-150x150.png 150w, https:\/\/ioda-congress.com\/2024\/wp-content\/uploads\/2024\/07\/4-1-768x768.png 768w\" sizes=\"(max-width: 1080px) 100vw, 1080px\" \/>\t\t\t\t\t\t\t\t\t\t\t\t\t<\/div>\n\t\t\t\t<\/div>\n\t\t\t\t\t<\/div>\n\t\t\t\t<\/div>\n\t\t\t\t<section class=\"elementor-section elementor-top-section elementor-element elementor-element-62733a19 elementor-section-boxed elementor-section-height-default elementor-section-height-default\" data-id=\"62733a19\" data-element_type=\"section\">\n\t\t\t\t\t\t<div class=\"elementor-container elementor-column-gap-wider\">\n\t\t\t\t\t<div class=\"elementor-column elementor-col-100 elementor-top-column elementor-element elementor-element-34f15bc7\" data-id=\"34f15bc7\" data-element_type=\"column\">\n\t\t\t<div class=\"elementor-widget-wrap elementor-element-populated\">\n\t\t\t\t\t\t<div class=\"elementor-element elementor-element-66284f elementor-widget elementor-widget-text-editor\" data-id=\"66284f\" data-element_type=\"widget\" data-widget_type=\"text-editor.default\">\n\t\t\t\t<div class=\"elementor-widget-container\">\n\t\t\t\t\t\t\t<p style=\"font-weight: 400;\">I am an ENT professor at the Otolaryngology Department, in Hospital Piti\u00e9 Salp\u00eatri\u00e8re (Sorbonne Universit\u00e9, AP-HP), in Paris, France.<\/p><p style=\"font-weight: 400;\">My clinical activities are focused on middle ear surgery, cochlear implantation and lateral skull base surgery. I have a PhD on \u201crobot based surgery for cochlear implantation\u201d. I keep working on robotics in the &#8220;Hearing Institute&#8221; (Institut Pasteur\/Inserm).<\/p><p style=\"font-weight: 400;\">My goal is to design and evaluate surgical solutions from lab bench to operating room for hearing loss.<\/p><p style=\"font-weight: 400;\">\u00a0<\/p>\t\t\t\t\t\t<\/div>\n\t\t\t\t<\/div>\n\t\t\t\t\t<\/div>\n\t\t<\/div>\n\t\t\t\t\t<\/div>\n\t\t<\/section>\n\t\t\t\t<\/div>\n\t\t","protected":false},"excerpt":{"rendered":"<p>Prof Yann Nguyen France I am an ENT professor at the Otolaryngology Department, in Hospital Piti\u00e9 Salp\u00eatri\u00e8re (Sorbonne Universit\u00e9, AP-HP), in Paris, France. My clinical activities are focused on middle ear surgery, cochlear implantation and lateral skull base surgery. I have a PhD on \u201crobot based surgery for cochlear implantation\u201d. I keep working on robotics [&hellip;]<\/p>\n","protected":false},"author":1,"featured_media":0,"parent":0,"menu_order":0,"comment_status":"closed","ping_status":"closed","template":"elementor_header_footer","meta":{"om_disable_all_campaigns":false,"_monsterinsights_skip_tracking":false,"_monsterinsights_sitenote_active":false,"_monsterinsights_sitenote_note":"","_monsterinsights_sitenote_category":0,"_uf_show_specific_survey":0,"_uf_disable_surveys":false,"footnotes":""},"class_list":["post-1712","page","type-page","status-publish","hentry"],"yoast_head":"<!-- This site is optimized with the Yoast SEO plugin v24.0 - https:\/\/yoast.com\/wordpress\/plugins\/seo\/ -->\n<title>-Pr Yann Nguyen - IODA<\/title>\n<meta name=\"robots\" content=\"index, follow, max-snippet:-1, max-image-preview:large, max-video-preview:-1\" \/>\n<link rel=\"canonical\" href=\"https:\/\/ioda-congress.com\/2024\/pr-yann-nguyen\/\" \/>\n<meta property=\"og:locale\" content=\"en_US\" \/>\n<meta property=\"og:type\" content=\"article\" \/>\n<meta property=\"og:title\" content=\"-Pr Yann Nguyen - IODA\" \/>\n<meta property=\"og:description\" content=\"Prof Yann Nguyen France I am an ENT professor at the Otolaryngology Department, in Hospital Piti\u00e9 Salp\u00eatri\u00e8re (Sorbonne Universit\u00e9, AP-HP), in Paris, France. My clinical activities are focused on middle ear surgery, cochlear implantation and lateral skull base surgery. I have a PhD on \u201crobot based surgery for cochlear implantation\u201d. I keep working on robotics [&hellip;]\" \/>\n<meta property=\"og:url\" content=\"https:\/\/ioda-congress.com\/2024\/pr-yann-nguyen\/\" \/>\n<meta property=\"og:site_name\" content=\"IODA\" \/>\n<meta property=\"article:publisher\" content=\"https:\/\/www.facebook.com\/IODAcademy\" \/>\n<meta property=\"article:modified_time\" content=\"2024-07-24T06:42:31+00:00\" \/>\n<meta property=\"og:image\" content=\"https:\/\/ioda-congress.com\/2024\/wp-content\/uploads\/2024\/07\/4-1.png\" \/>\n<meta name=\"twitter:card\" content=\"summary_large_image\" \/>\n<meta name=\"twitter:label1\" content=\"Est. reading time\" \/>\n\t<meta name=\"twitter:data1\" content=\"1 minute\" \/>\n<script type=\"application\/ld+json\" class=\"yoast-schema-graph\">{\"@context\":\"https:\/\/schema.org\",\"@graph\":[{\"@type\":\"WebPage\",\"@id\":\"https:\/\/ioda-congress.com\/2024\/pr-yann-nguyen\/\",\"url\":\"https:\/\/ioda-congress.com\/2024\/pr-yann-nguyen\/\",\"name\":\"-Pr Yann Nguyen - IODA\",\"isPartOf\":{\"@id\":\"https:\/\/ioda-congress.com\/2024\/#website\"},\"primaryImageOfPage\":{\"@id\":\"https:\/\/ioda-congress.com\/2024\/pr-yann-nguyen\/#primaryimage\"},\"image\":{\"@id\":\"https:\/\/ioda-congress.com\/2024\/pr-yann-nguyen\/#primaryimage\"},\"thumbnailUrl\":\"https:\/\/ioda-congress.com\/2024\/wp-content\/uploads\/2024\/07\/4-1.png\",\"datePublished\":\"2024-07-23T13:33:35+00:00\",\"dateModified\":\"2024-07-24T06:42:31+00:00\",\"breadcrumb\":{\"@id\":\"https:\/\/ioda-congress.com\/2024\/pr-yann-nguyen\/#breadcrumb\"},\"inLanguage\":\"en-US\",\"potentialAction\":[{\"@type\":\"ReadAction\",\"target\":[\"https:\/\/ioda-congress.com\/2024\/pr-yann-nguyen\/\"]}]},{\"@type\":\"ImageObject\",\"inLanguage\":\"en-US\",\"@id\":\"https:\/\/ioda-congress.com\/2024\/pr-yann-nguyen\/#primaryimage\",\"url\":\"https:\/\/ioda-congress.com\/2024\/wp-content\/uploads\/2024\/07\/4-1.png\",\"contentUrl\":\"https:\/\/ioda-congress.com\/2024\/wp-content\/uploads\/2024\/07\/4-1.png\",\"width\":1080,\"height\":1080},{\"@type\":\"BreadcrumbList\",\"@id\":\"https:\/\/ioda-congress.com\/2024\/pr-yann-nguyen\/#breadcrumb\",\"itemListElement\":[{\"@type\":\"ListItem\",\"position\":1,\"name\":\"Home\",\"item\":\"https:\/\/ioda-congress.com\/2024\/\"},{\"@type\":\"ListItem\",\"position\":2,\"name\":\"-Pr Yann Nguyen\"}]},{\"@type\":\"WebSite\",\"@id\":\"https:\/\/ioda-congress.com\/2024\/#website\",\"url\":\"https:\/\/ioda-congress.com\/2024\/\",\"name\":\"IODA\",\"description\":\"International Otology Disorders Academy\",\"publisher\":{\"@id\":\"https:\/\/ioda-congress.com\/2024\/#organization\"},\"potentialAction\":[{\"@type\":\"SearchAction\",\"target\":{\"@type\":\"EntryPoint\",\"urlTemplate\":\"https:\/\/ioda-congress.com\/2024\/?s={search_term_string}\"},\"query-input\":{\"@type\":\"PropertyValueSpecification\",\"valueRequired\":true,\"valueName\":\"search_term_string\"}}],\"inLanguage\":\"en-US\"},{\"@type\":\"Organization\",\"@id\":\"https:\/\/ioda-congress.com\/2024\/#organization\",\"name\":\"IODA\",\"url\":\"https:\/\/ioda-congress.com\/2024\/\",\"logo\":{\"@type\":\"ImageObject\",\"inLanguage\":\"en-US\",\"@id\":\"https:\/\/ioda-congress.com\/2024\/#\/schema\/logo\/image\/\",\"url\":\"https:\/\/ioda-congress.com\/2024\/wp-content\/uploads\/2024\/01\/IODA-logo.png\",\"contentUrl\":\"https:\/\/ioda-congress.com\/2024\/wp-content\/uploads\/2024\/01\/IODA-logo.png\",\"width\":498,\"height\":104,\"caption\":\"IODA\"},\"image\":{\"@id\":\"https:\/\/ioda-congress.com\/2024\/#\/schema\/logo\/image\/\"},\"sameAs\":[\"https:\/\/www.facebook.com\/IODAcademy\"]}]}<\/script>\n<!-- \/ Yoast SEO plugin. -->","yoast_head_json":{"title":"-Pr Yann Nguyen - IODA","robots":{"index":"index","follow":"follow","max-snippet":"max-snippet:-1","max-image-preview":"max-image-preview:large","max-video-preview":"max-video-preview:-1"},"canonical":"https:\/\/ioda-congress.com\/2024\/pr-yann-nguyen\/","og_locale":"en_US","og_type":"article","og_title":"-Pr Yann Nguyen - IODA","og_description":"Prof Yann Nguyen France I am an ENT professor at the Otolaryngology Department, in Hospital Piti\u00e9 Salp\u00eatri\u00e8re (Sorbonne Universit\u00e9, AP-HP), in Paris, France. My clinical activities are focused on middle ear surgery, cochlear implantation and lateral skull base surgery. I have a PhD on \u201crobot based surgery for cochlear implantation\u201d. I keep working on robotics [&hellip;]","og_url":"https:\/\/ioda-congress.com\/2024\/pr-yann-nguyen\/","og_site_name":"IODA","article_publisher":"https:\/\/www.facebook.com\/IODAcademy","article_modified_time":"2024-07-24T06:42:31+00:00","og_image":[{"url":"https:\/\/ioda-congress.com\/2024\/wp-content\/uploads\/2024\/07\/4-1.png","type":"","width":"","height":""}],"twitter_card":"summary_large_image","twitter_misc":{"Est. reading time":"1 minute"},"schema":{"@context":"https:\/\/schema.org","@graph":[{"@type":"WebPage","@id":"https:\/\/ioda-congress.com\/2024\/pr-yann-nguyen\/","url":"https:\/\/ioda-congress.com\/2024\/pr-yann-nguyen\/","name":"-Pr Yann Nguyen - IODA","isPartOf":{"@id":"https:\/\/ioda-congress.com\/2024\/#website"},"primaryImageOfPage":{"@id":"https:\/\/ioda-congress.com\/2024\/pr-yann-nguyen\/#primaryimage"},"image":{"@id":"https:\/\/ioda-congress.com\/2024\/pr-yann-nguyen\/#primaryimage"},"thumbnailUrl":"https:\/\/ioda-congress.com\/2024\/wp-content\/uploads\/2024\/07\/4-1.png","datePublished":"2024-07-23T13:33:35+00:00","dateModified":"2024-07-24T06:42:31+00:00","breadcrumb":{"@id":"https:\/\/ioda-congress.com\/2024\/pr-yann-nguyen\/#breadcrumb"},"inLanguage":"en-US","potentialAction":[{"@type":"ReadAction","target":["https:\/\/ioda-congress.com\/2024\/pr-yann-nguyen\/"]}]},{"@type":"ImageObject","inLanguage":"en-US","@id":"https:\/\/ioda-congress.com\/2024\/pr-yann-nguyen\/#primaryimage","url":"https:\/\/ioda-congress.com\/2024\/wp-content\/uploads\/2024\/07\/4-1.png","contentUrl":"https:\/\/ioda-congress.com\/2024\/wp-content\/uploads\/2024\/07\/4-1.png","width":1080,"height":1080},{"@type":"BreadcrumbList","@id":"https:\/\/ioda-congress.com\/2024\/pr-yann-nguyen\/#breadcrumb","itemListElement":[{"@type":"ListItem","position":1,"name":"Home","item":"https:\/\/ioda-congress.com\/2024\/"},{"@type":"ListItem","position":2,"name":"-Pr Yann Nguyen"}]},{"@type":"WebSite","@id":"https:\/\/ioda-congress.com\/2024\/#website","url":"https:\/\/ioda-congress.com\/2024\/","name":"IODA","description":"International Otology Disorders Academy","publisher":{"@id":"https:\/\/ioda-congress.com\/2024\/#organization"},"potentialAction":[{"@type":"SearchAction","target":{"@type":"EntryPoint","urlTemplate":"https:\/\/ioda-congress.com\/2024\/?s={search_term_string}"},"query-input":{"@type":"PropertyValueSpecification","valueRequired":true,"valueName":"search_term_string"}}],"inLanguage":"en-US"},{"@type":"Organization","@id":"https:\/\/ioda-congress.com\/2024\/#organization","name":"IODA","url":"https:\/\/ioda-congress.com\/2024\/","logo":{"@type":"ImageObject","inLanguage":"en-US","@id":"https:\/\/ioda-congress.com\/2024\/#\/schema\/logo\/image\/","url":"https:\/\/ioda-congress.com\/2024\/wp-content\/uploads\/2024\/01\/IODA-logo.png","contentUrl":"https:\/\/ioda-congress.com\/2024\/wp-content\/uploads\/2024\/01\/IODA-logo.png","width":498,"height":104,"caption":"IODA"},"image":{"@id":"https:\/\/ioda-congress.com\/2024\/#\/schema\/logo\/image\/"},"sameAs":["https:\/\/www.facebook.com\/IODAcademy"]}]}},"_links":{"self":[{"href":"https:\/\/ioda-congress.com\/2024\/wp-json\/wp\/v2\/pages\/1712","targetHints":{"allow":["GET"]}}],"collection":[{"href":"https:\/\/ioda-congress.com\/2024\/wp-json\/wp\/v2\/pages"}],"about":[{"href":"https:\/\/ioda-congress.com\/2024\/wp-json\/wp\/v2\/types\/page"}],"author":[{"embeddable":true,"href":"https:\/\/ioda-congress.com\/2024\/wp-json\/wp\/v2\/users\/1"}],"replies":[{"embeddable":true,"href":"https:\/\/ioda-congress.com\/2024\/wp-json\/wp\/v2\/comments?post=1712"}],"version-history":[{"count":20,"href":"https:\/\/ioda-congress.com\/2024\/wp-json\/wp\/v2\/pages\/1712\/revisions"}],"predecessor-version":[{"id":1829,"href":"https:\/\/ioda-congress.com\/2024\/wp-json\/wp\/v2\/pages\/1712\/revisions\/1829"}],"wp:attachment":[{"href":"https:\/\/ioda-congress.com\/2024\/wp-json\/wp\/v2\/media?parent=1712"}],"curies":[{"name":"wp","href":"https:\/\/api.w.org\/{rel}","templated":true}]}}