{"id":2674,"date":"2024-09-10T09:47:45","date_gmt":"2024-09-10T09:47:45","guid":{"rendered":"https:\/\/ioda-congress.com\/2024\/?page_id=2674"},"modified":"2024-09-10T09:49:19","modified_gmt":"2024-09-10T09:49:19","slug":"sean-sheppard","status":"publish","type":"page","link":"https:\/\/ioda-congress.com\/2024\/sean-sheppard\/","title":{"rendered":"-Sean Sheppard"},"content":{"rendered":"\t\t<div data-elementor-type=\"wp-page\" data-elementor-id=\"2674\" class=\"elementor elementor-2674\" data-elementor-post-type=\"page\">\n\t\t\t\t\t\t<section class=\"elementor-section elementor-top-section elementor-element elementor-element-745d42ae elementor-section-height-min-height elementor-section-boxed elementor-section-height-default elementor-section-items-middle\" data-id=\"745d42ae\" data-element_type=\"section\" data-settings=\"{&quot;background_background&quot;:&quot;classic&quot;}\">\n\t\t\t\t\t\t\t<div class=\"elementor-background-overlay\"><\/div>\n\t\t\t\t\t\t\t<div class=\"elementor-container elementor-column-gap-default\">\n\t\t\t\t\t<div class=\"elementor-column elementor-col-100 elementor-top-column elementor-element elementor-element-d96955d\" data-id=\"d96955d\" data-element_type=\"column\">\n\t\t\t<div class=\"elementor-widget-wrap elementor-element-populated\">\n\t\t\t\t\t\t<div class=\"elementor-element elementor-element-a2ec884 elementor-widget elementor-widget-heading\" data-id=\"a2ec884\" data-element_type=\"widget\" data-widget_type=\"heading.default\">\n\t\t\t\t<div class=\"elementor-widget-container\">\n\t\t\t<h2 class=\"elementor-heading-title elementor-size-default\">Sean Sheppard<\/h2>\t\t<\/div>\n\t\t\t\t<\/div>\n\t\t\t\t<div class=\"elementor-element elementor-element-d0f94ba elementor-widget elementor-widget-heading\" data-id=\"d0f94ba\" data-element_type=\"widget\" data-widget_type=\"heading.default\">\n\t\t\t\t<div class=\"elementor-widget-container\">\n\t\t\t<h2 class=\"elementor-heading-title elementor-size-default\">Switzerland<\/h2>\t\t<\/div>\n\t\t\t\t<\/div>\n\t\t\t\t\t<\/div>\n\t\t<\/div>\n\t\t\t\t\t<\/div>\n\t\t<\/section>\n\t\t<div class=\"elementor-element elementor-element-6f3e27b e-flex e-con-boxed e-con e-parent\" data-id=\"6f3e27b\" data-element_type=\"container\">\n\t\t\t\t\t<div class=\"e-con-inner\">\n\t\t\t\t<div class=\"elementor-element elementor-element-d84bf12 elementor-widget elementor-widget-image\" data-id=\"d84bf12\" data-element_type=\"widget\" data-widget_type=\"image.default\">\n\t\t\t\t<div class=\"elementor-widget-container\">\n\t\t\t\t\t\t\t\t\t\t\t\t\t<img fetchpriority=\"high\" decoding=\"async\" width=\"1080\" height=\"1080\" src=\"https:\/\/ioda-congress.com\/2024\/wp-content\/uploads\/2024\/08\/13.png\" class=\"attachment-full size-full wp-image-2424\" alt=\"\" srcset=\"https:\/\/ioda-congress.com\/2024\/wp-content\/uploads\/2024\/08\/13.png 1080w, https:\/\/ioda-congress.com\/2024\/wp-content\/uploads\/2024\/08\/13-300x300.png 300w, https:\/\/ioda-congress.com\/2024\/wp-content\/uploads\/2024\/08\/13-1024x1024.png 1024w, https:\/\/ioda-congress.com\/2024\/wp-content\/uploads\/2024\/08\/13-150x150.png 150w, https:\/\/ioda-congress.com\/2024\/wp-content\/uploads\/2024\/08\/13-768x768.png 768w\" sizes=\"(max-width: 1080px) 100vw, 1080px\" \/>\t\t\t\t\t\t\t\t\t\t\t\t\t<\/div>\n\t\t\t\t<\/div>\n\t\t\t\t\t<\/div>\n\t\t\t\t<\/div>\n\t\t\t\t<section class=\"elementor-section elementor-top-section elementor-element elementor-element-62733a19 elementor-section-boxed elementor-section-height-default elementor-section-height-default\" data-id=\"62733a19\" data-element_type=\"section\">\n\t\t\t\t\t\t<div class=\"elementor-container elementor-column-gap-wider\">\n\t\t\t\t\t<div class=\"elementor-column elementor-col-100 elementor-top-column elementor-element elementor-element-34f15bc7\" data-id=\"34f15bc7\" data-element_type=\"column\">\n\t\t\t<div class=\"elementor-widget-wrap elementor-element-populated\">\n\t\t\t\t\t\t<div class=\"elementor-element elementor-element-66284f elementor-widget elementor-widget-text-editor\" data-id=\"66284f\" data-element_type=\"widget\" data-widget_type=\"text-editor.default\">\n\t\t\t\t<div class=\"elementor-widget-container\">\n\t\t\t\t\t\t\t<p><span data-contrast=\"auto\">Dr. Sean C Sheppard is a physician specialized in Otolaryngology, currently serving as an attending physician in the ORL Department at Inselspital, University Hospital Bern (Switzerland). He completed his residency training at the Inselspital Bern, complemented by rotations at the ORL department of CHU of N\u00eemes (France) and Piti\u00e9-Salp\u00eatri\u00e8re in Paris (France). His primary research interest is on advancing the field of otology and lateral skull base surgery, with a strong interest in incorporating new technologies to improve patient outcomes and surgical precision.<\/span><span data-ccp-props=\"{&quot;201341983&quot;:0,&quot;335559739&quot;:160,&quot;335559740&quot;:259}\">\u00a0<\/span><\/p><p><span data-contrast=\"auto\">Dr. Sheppard is a Member of Schweizerische Gesellschaft f\u00fcr Oto-Rhino-Laryngologie, Hals- und Gesichtschirurgie, Member of Young CEORL-HNS, and a Member of \u202fVSAO.<\/span><span data-ccp-props=\"{&quot;201341983&quot;:0,&quot;335559739&quot;:160,&quot;335559740&quot;:259}\">\u00a0<\/span><\/p>\t\t\t\t\t\t<\/div>\n\t\t\t\t<\/div>\n\t\t\t\t\t<\/div>\n\t\t<\/div>\n\t\t\t\t\t<\/div>\n\t\t<\/section>\n\t\t\t\t<\/div>\n\t\t","protected":false},"excerpt":{"rendered":"<p>Sean Sheppard Switzerland Dr. Sean C Sheppard is a physician specialized in Otolaryngology, currently serving as an attending physician in the ORL Department at Inselspital, University Hospital Bern (Switzerland). He completed his residency training at the Inselspital Bern, complemented by rotations at the ORL department of CHU of N\u00eemes (France) and Piti\u00e9-Salp\u00eatri\u00e8re in Paris (France). [&hellip;]<\/p>\n","protected":false},"author":1,"featured_media":0,"parent":0,"menu_order":0,"comment_status":"closed","ping_status":"closed","template":"elementor_header_footer","meta":{"om_disable_all_campaigns":false,"_monsterinsights_skip_tracking":false,"_monsterinsights_sitenote_active":false,"_monsterinsights_sitenote_note":"","_monsterinsights_sitenote_category":0,"_uf_show_specific_survey":0,"_uf_disable_surveys":false,"footnotes":""},"class_list":["post-2674","page","type-page","status-publish","hentry"],"yoast_head":"<!-- This site is optimized with the Yoast SEO plugin v24.0 - https:\/\/yoast.com\/wordpress\/plugins\/seo\/ -->\n<title>-Sean Sheppard - IODA<\/title>\n<meta name=\"robots\" content=\"index, follow, max-snippet:-1, max-image-preview:large, max-video-preview:-1\" \/>\n<link rel=\"canonical\" href=\"https:\/\/ioda-congress.com\/2024\/sean-sheppard\/\" \/>\n<meta property=\"og:locale\" content=\"en_US\" \/>\n<meta property=\"og:type\" content=\"article\" \/>\n<meta property=\"og:title\" content=\"-Sean Sheppard - IODA\" \/>\n<meta property=\"og:description\" content=\"Sean Sheppard Switzerland Dr. Sean C Sheppard is a physician specialized in Otolaryngology, currently serving as an attending physician in the ORL Department at Inselspital, University Hospital Bern (Switzerland). He completed his residency training at the Inselspital Bern, complemented by rotations at the ORL department of CHU of N\u00eemes (France) and Piti\u00e9-Salp\u00eatri\u00e8re in Paris (France). [&hellip;]\" \/>\n<meta property=\"og:url\" content=\"https:\/\/ioda-congress.com\/2024\/sean-sheppard\/\" \/>\n<meta property=\"og:site_name\" content=\"IODA\" \/>\n<meta property=\"article:publisher\" content=\"https:\/\/www.facebook.com\/IODAcademy\" \/>\n<meta property=\"article:modified_time\" content=\"2024-09-10T09:49:19+00:00\" \/>\n<meta property=\"og:image\" content=\"https:\/\/ioda-congress.com\/2024\/wp-content\/uploads\/2024\/08\/13.png\" \/>\n<meta name=\"twitter:card\" content=\"summary_large_image\" \/>\n<meta name=\"twitter:label1\" content=\"Est. reading time\" \/>\n\t<meta name=\"twitter:data1\" content=\"1 minute\" \/>\n<script type=\"application\/ld+json\" class=\"yoast-schema-graph\">{\"@context\":\"https:\/\/schema.org\",\"@graph\":[{\"@type\":\"WebPage\",\"@id\":\"https:\/\/ioda-congress.com\/2024\/sean-sheppard\/\",\"url\":\"https:\/\/ioda-congress.com\/2024\/sean-sheppard\/\",\"name\":\"-Sean Sheppard - IODA\",\"isPartOf\":{\"@id\":\"https:\/\/ioda-congress.com\/2024\/#website\"},\"primaryImageOfPage\":{\"@id\":\"https:\/\/ioda-congress.com\/2024\/sean-sheppard\/#primaryimage\"},\"image\":{\"@id\":\"https:\/\/ioda-congress.com\/2024\/sean-sheppard\/#primaryimage\"},\"thumbnailUrl\":\"https:\/\/ioda-congress.com\/2024\/wp-content\/uploads\/2024\/08\/13.png\",\"datePublished\":\"2024-09-10T09:47:45+00:00\",\"dateModified\":\"2024-09-10T09:49:19+00:00\",\"breadcrumb\":{\"@id\":\"https:\/\/ioda-congress.com\/2024\/sean-sheppard\/#breadcrumb\"},\"inLanguage\":\"en-US\",\"potentialAction\":[{\"@type\":\"ReadAction\",\"target\":[\"https:\/\/ioda-congress.com\/2024\/sean-sheppard\/\"]}]},{\"@type\":\"ImageObject\",\"inLanguage\":\"en-US\",\"@id\":\"https:\/\/ioda-congress.com\/2024\/sean-sheppard\/#primaryimage\",\"url\":\"https:\/\/ioda-congress.com\/2024\/wp-content\/uploads\/2024\/08\/13.png\",\"contentUrl\":\"https:\/\/ioda-congress.com\/2024\/wp-content\/uploads\/2024\/08\/13.png\",\"width\":1080,\"height\":1080},{\"@type\":\"BreadcrumbList\",\"@id\":\"https:\/\/ioda-congress.com\/2024\/sean-sheppard\/#breadcrumb\",\"itemListElement\":[{\"@type\":\"ListItem\",\"position\":1,\"name\":\"Home\",\"item\":\"https:\/\/ioda-congress.com\/2024\/\"},{\"@type\":\"ListItem\",\"position\":2,\"name\":\"-Sean Sheppard\"}]},{\"@type\":\"WebSite\",\"@id\":\"https:\/\/ioda-congress.com\/2024\/#website\",\"url\":\"https:\/\/ioda-congress.com\/2024\/\",\"name\":\"IODA\",\"description\":\"International Otology Disorders Academy\",\"publisher\":{\"@id\":\"https:\/\/ioda-congress.com\/2024\/#organization\"},\"potentialAction\":[{\"@type\":\"SearchAction\",\"target\":{\"@type\":\"EntryPoint\",\"urlTemplate\":\"https:\/\/ioda-congress.com\/2024\/?s={search_term_string}\"},\"query-input\":{\"@type\":\"PropertyValueSpecification\",\"valueRequired\":true,\"valueName\":\"search_term_string\"}}],\"inLanguage\":\"en-US\"},{\"@type\":\"Organization\",\"@id\":\"https:\/\/ioda-congress.com\/2024\/#organization\",\"name\":\"IODA\",\"url\":\"https:\/\/ioda-congress.com\/2024\/\",\"logo\":{\"@type\":\"ImageObject\",\"inLanguage\":\"en-US\",\"@id\":\"https:\/\/ioda-congress.com\/2024\/#\/schema\/logo\/image\/\",\"url\":\"https:\/\/ioda-congress.com\/2024\/wp-content\/uploads\/2024\/01\/IODA-logo.png\",\"contentUrl\":\"https:\/\/ioda-congress.com\/2024\/wp-content\/uploads\/2024\/01\/IODA-logo.png\",\"width\":498,\"height\":104,\"caption\":\"IODA\"},\"image\":{\"@id\":\"https:\/\/ioda-congress.com\/2024\/#\/schema\/logo\/image\/\"},\"sameAs\":[\"https:\/\/www.facebook.com\/IODAcademy\"]}]}<\/script>\n<!-- \/ Yoast SEO plugin. -->","yoast_head_json":{"title":"-Sean Sheppard - IODA","robots":{"index":"index","follow":"follow","max-snippet":"max-snippet:-1","max-image-preview":"max-image-preview:large","max-video-preview":"max-video-preview:-1"},"canonical":"https:\/\/ioda-congress.com\/2024\/sean-sheppard\/","og_locale":"en_US","og_type":"article","og_title":"-Sean Sheppard - IODA","og_description":"Sean Sheppard Switzerland Dr. Sean C Sheppard is a physician specialized in Otolaryngology, currently serving as an attending physician in the ORL Department at Inselspital, University Hospital Bern (Switzerland). He completed his residency training at the Inselspital Bern, complemented by rotations at the ORL department of CHU of N\u00eemes (France) and Piti\u00e9-Salp\u00eatri\u00e8re in Paris (France). [&hellip;]","og_url":"https:\/\/ioda-congress.com\/2024\/sean-sheppard\/","og_site_name":"IODA","article_publisher":"https:\/\/www.facebook.com\/IODAcademy","article_modified_time":"2024-09-10T09:49:19+00:00","og_image":[{"url":"https:\/\/ioda-congress.com\/2024\/wp-content\/uploads\/2024\/08\/13.png","type":"","width":"","height":""}],"twitter_card":"summary_large_image","twitter_misc":{"Est. reading time":"1 minute"},"schema":{"@context":"https:\/\/schema.org","@graph":[{"@type":"WebPage","@id":"https:\/\/ioda-congress.com\/2024\/sean-sheppard\/","url":"https:\/\/ioda-congress.com\/2024\/sean-sheppard\/","name":"-Sean Sheppard - IODA","isPartOf":{"@id":"https:\/\/ioda-congress.com\/2024\/#website"},"primaryImageOfPage":{"@id":"https:\/\/ioda-congress.com\/2024\/sean-sheppard\/#primaryimage"},"image":{"@id":"https:\/\/ioda-congress.com\/2024\/sean-sheppard\/#primaryimage"},"thumbnailUrl":"https:\/\/ioda-congress.com\/2024\/wp-content\/uploads\/2024\/08\/13.png","datePublished":"2024-09-10T09:47:45+00:00","dateModified":"2024-09-10T09:49:19+00:00","breadcrumb":{"@id":"https:\/\/ioda-congress.com\/2024\/sean-sheppard\/#breadcrumb"},"inLanguage":"en-US","potentialAction":[{"@type":"ReadAction","target":["https:\/\/ioda-congress.com\/2024\/sean-sheppard\/"]}]},{"@type":"ImageObject","inLanguage":"en-US","@id":"https:\/\/ioda-congress.com\/2024\/sean-sheppard\/#primaryimage","url":"https:\/\/ioda-congress.com\/2024\/wp-content\/uploads\/2024\/08\/13.png","contentUrl":"https:\/\/ioda-congress.com\/2024\/wp-content\/uploads\/2024\/08\/13.png","width":1080,"height":1080},{"@type":"BreadcrumbList","@id":"https:\/\/ioda-congress.com\/2024\/sean-sheppard\/#breadcrumb","itemListElement":[{"@type":"ListItem","position":1,"name":"Home","item":"https:\/\/ioda-congress.com\/2024\/"},{"@type":"ListItem","position":2,"name":"-Sean Sheppard"}]},{"@type":"WebSite","@id":"https:\/\/ioda-congress.com\/2024\/#website","url":"https:\/\/ioda-congress.com\/2024\/","name":"IODA","description":"International Otology Disorders Academy","publisher":{"@id":"https:\/\/ioda-congress.com\/2024\/#organization"},"potentialAction":[{"@type":"SearchAction","target":{"@type":"EntryPoint","urlTemplate":"https:\/\/ioda-congress.com\/2024\/?s={search_term_string}"},"query-input":{"@type":"PropertyValueSpecification","valueRequired":true,"valueName":"search_term_string"}}],"inLanguage":"en-US"},{"@type":"Organization","@id":"https:\/\/ioda-congress.com\/2024\/#organization","name":"IODA","url":"https:\/\/ioda-congress.com\/2024\/","logo":{"@type":"ImageObject","inLanguage":"en-US","@id":"https:\/\/ioda-congress.com\/2024\/#\/schema\/logo\/image\/","url":"https:\/\/ioda-congress.com\/2024\/wp-content\/uploads\/2024\/01\/IODA-logo.png","contentUrl":"https:\/\/ioda-congress.com\/2024\/wp-content\/uploads\/2024\/01\/IODA-logo.png","width":498,"height":104,"caption":"IODA"},"image":{"@id":"https:\/\/ioda-congress.com\/2024\/#\/schema\/logo\/image\/"},"sameAs":["https:\/\/www.facebook.com\/IODAcademy"]}]}},"_links":{"self":[{"href":"https:\/\/ioda-congress.com\/2024\/wp-json\/wp\/v2\/pages\/2674","targetHints":{"allow":["GET"]}}],"collection":[{"href":"https:\/\/ioda-congress.com\/2024\/wp-json\/wp\/v2\/pages"}],"about":[{"href":"https:\/\/ioda-congress.com\/2024\/wp-json\/wp\/v2\/types\/page"}],"author":[{"embeddable":true,"href":"https:\/\/ioda-congress.com\/2024\/wp-json\/wp\/v2\/users\/1"}],"replies":[{"embeddable":true,"href":"https:\/\/ioda-congress.com\/2024\/wp-json\/wp\/v2\/comments?post=2674"}],"version-history":[{"count":4,"href":"https:\/\/ioda-congress.com\/2024\/wp-json\/wp\/v2\/pages\/2674\/revisions"}],"predecessor-version":[{"id":2678,"href":"https:\/\/ioda-congress.com\/2024\/wp-json\/wp\/v2\/pages\/2674\/revisions\/2678"}],"wp:attachment":[{"href":"https:\/\/ioda-congress.com\/2024\/wp-json\/wp\/v2\/media?parent=2674"}],"curies":[{"name":"wp","href":"https:\/\/api.w.org\/{rel}","templated":true}]}}