{"id":3395,"date":"2024-10-30T10:26:47","date_gmt":"2024-10-30T10:26:47","guid":{"rendered":"https:\/\/ioda-congress.com\/2024\/?page_id=3395"},"modified":"2024-10-30T10:28:44","modified_gmt":"2024-10-30T10:28:44","slug":"dr-eusebi-matino","status":"publish","type":"page","link":"https:\/\/ioda-congress.com\/2024\/dr-eusebi-matino\/","title":{"rendered":"Dr. Eusebi Mati\u00f1\u00f3"},"content":{"rendered":"\t\t<div data-elementor-type=\"wp-page\" data-elementor-id=\"3395\" class=\"elementor elementor-3395\" data-elementor-post-type=\"page\">\n\t\t\t\t\t\t<section class=\"elementor-section elementor-top-section elementor-element elementor-element-745d42ae elementor-section-height-min-height elementor-section-boxed elementor-section-height-default elementor-section-items-middle\" data-id=\"745d42ae\" data-element_type=\"section\" data-settings=\"{&quot;background_background&quot;:&quot;classic&quot;}\">\n\t\t\t\t\t\t\t<div class=\"elementor-background-overlay\"><\/div>\n\t\t\t\t\t\t\t<div class=\"elementor-container elementor-column-gap-default\">\n\t\t\t\t\t<div class=\"elementor-column elementor-col-100 elementor-top-column elementor-element elementor-element-d96955d\" data-id=\"d96955d\" data-element_type=\"column\">\n\t\t\t<div class=\"elementor-widget-wrap elementor-element-populated\">\n\t\t\t\t\t\t<div class=\"elementor-element elementor-element-a2ec884 elementor-widget elementor-widget-heading\" data-id=\"a2ec884\" data-element_type=\"widget\" data-widget_type=\"heading.default\">\n\t\t\t\t<div class=\"elementor-widget-container\">\n\t\t\t<h2 class=\"elementor-heading-title elementor-size-default\">Dr. Eusebi Mati\u00f1\u00f3 MD, PhD <\/h2>\t\t<\/div>\n\t\t\t\t<\/div>\n\t\t\t\t<div class=\"elementor-element elementor-element-d0f94ba elementor-widget elementor-widget-heading\" data-id=\"d0f94ba\" data-element_type=\"widget\" data-widget_type=\"heading.default\">\n\t\t\t\t<div class=\"elementor-widget-container\">\n\t\t\t<h2 class=\"elementor-heading-title elementor-size-default\">Barcelona, Spain <\/h2>\t\t<\/div>\n\t\t\t\t<\/div>\n\t\t\t\t\t<\/div>\n\t\t<\/div>\n\t\t\t\t\t<\/div>\n\t\t<\/section>\n\t\t<div class=\"elementor-element elementor-element-6f3e27b e-flex e-con-boxed e-con e-parent\" data-id=\"6f3e27b\" data-element_type=\"container\">\n\t\t\t\t\t<div class=\"e-con-inner\">\n\t\t\t\t<div class=\"elementor-element elementor-element-d84bf12 elementor-widget elementor-widget-image\" data-id=\"d84bf12\" data-element_type=\"widget\" data-widget_type=\"image.default\">\n\t\t\t\t<div class=\"elementor-widget-container\">\n\t\t\t\t\t\t\t\t\t\t\t\t\t<img fetchpriority=\"high\" decoding=\"async\" width=\"226\" height=\"260\" src=\"https:\/\/ioda-congress.com\/2024\/wp-content\/uploads\/2024\/10\/Eusebi-Matino.png\" class=\"attachment-full size-full wp-image-3394\" alt=\"\" \/>\t\t\t\t\t\t\t\t\t\t\t\t\t<\/div>\n\t\t\t\t<\/div>\n\t\t\t\t\t<\/div>\n\t\t\t\t<\/div>\n\t\t\t\t<section class=\"elementor-section elementor-top-section elementor-element elementor-element-62733a19 elementor-section-boxed elementor-section-height-default elementor-section-height-default\" data-id=\"62733a19\" data-element_type=\"section\">\n\t\t\t\t\t\t<div class=\"elementor-container elementor-column-gap-wider\">\n\t\t\t\t\t<div class=\"elementor-column elementor-col-100 elementor-top-column elementor-element elementor-element-34f15bc7\" data-id=\"34f15bc7\" data-element_type=\"column\">\n\t\t\t<div class=\"elementor-widget-wrap elementor-element-populated\">\n\t\t\t\t\t\t<div class=\"elementor-element elementor-element-66284f elementor-widget elementor-widget-text-editor\" data-id=\"66284f\" data-element_type=\"widget\" data-widget_type=\"text-editor.default\">\n\t\t\t\t<div class=\"elementor-widget-container\">\n\t\t\t\t\t\t\t<p><span data-contrast=\"auto\">Graduated in Medicine and Surgery in 1992 (University of Barcelona).\u00a0<\/span><span data-ccp-props=\"{}\">\u00a0<\/span><\/p><p><span data-ccp-props=\"{}\">\u00a0<\/span><span data-contrast=\"auto\">Specialist in Otorhinolaryngology and Head and Neck Surgery at the Hospital de Sant Pau (Universitat Aut\u00f2noma de Barcelona)- 1996.<\/span><span data-ccp-props=\"{}\">\u00a0<\/span><\/p><p><span data-ccp-props=\"{}\">\u00a0<\/span><span data-contrast=\"auto\">Specialist Doctor at the ENT Service of the Hospital Universitari General de Catalunya and at the Cl\u00ednica Creu Blanca (Barcelona). Currently responsible of the Vertigo Unit.<\/span><span data-ccp-props=\"{}\">\u00a0<\/span><\/p><p><span data-ccp-props=\"{}\">\u00a0<\/span><span data-contrast=\"auto\">Associate Professor of Medicine degree at medical school in the Universitat Internacional de Catalunya.<\/span><span data-ccp-props=\"{}\">\u00a0<\/span><\/p><p><span data-ccp-props=\"{}\">\u00a0<\/span><span data-contrast=\"auto\">Various publications in international journals in the speciality and multiple presentations at national and international ENT courses and congresses.<\/span><span data-ccp-props=\"{}\">\u00a0<\/span><\/p><p><span data-contrast=\"auto\">Member of the Spanish Society of ENT, the Catalan Society of ENT and the Otoneurology Commission of the Catalan Society of ENT.<\/span><span data-ccp-props=\"{}\">\u00a0<\/span><\/p><p><span data-ccp-props=\"{}\">\u00a0<\/span><\/p><p><span data-ccp-props=\"{}\">\u00a0<\/span><\/p>\t\t\t\t\t\t<\/div>\n\t\t\t\t<\/div>\n\t\t\t\t\t<\/div>\n\t\t<\/div>\n\t\t\t\t\t<\/div>\n\t\t<\/section>\n\t\t\t\t<\/div>\n\t\t","protected":false},"excerpt":{"rendered":"<p>Dr. Eusebi Mati\u00f1\u00f3 MD, PhD Barcelona, Spain Graduated in Medicine and Surgery in 1992 (University of Barcelona).\u00a0\u00a0 \u00a0Specialist in Otorhinolaryngology and Head and Neck Surgery at the Hospital de Sant Pau (Universitat Aut\u00f2noma de Barcelona)- 1996.\u00a0 \u00a0Specialist Doctor at the ENT Service of the Hospital Universitari General de Catalunya and at the Cl\u00ednica Creu Blanca [&hellip;]<\/p>\n","protected":false},"author":1,"featured_media":0,"parent":0,"menu_order":0,"comment_status":"closed","ping_status":"closed","template":"elementor_header_footer","meta":{"om_disable_all_campaigns":false,"_monsterinsights_skip_tracking":false,"_monsterinsights_sitenote_active":false,"_monsterinsights_sitenote_note":"","_monsterinsights_sitenote_category":0,"_uf_show_specific_survey":0,"_uf_disable_surveys":false,"footnotes":""},"class_list":["post-3395","page","type-page","status-publish","hentry"],"yoast_head":"<!-- This site is optimized with the Yoast SEO plugin v24.0 - https:\/\/yoast.com\/wordpress\/plugins\/seo\/ -->\n<title>Dr. Eusebi Mati\u00f1\u00f3 - IODA<\/title>\n<meta name=\"robots\" content=\"index, follow, max-snippet:-1, max-image-preview:large, max-video-preview:-1\" \/>\n<link rel=\"canonical\" href=\"https:\/\/ioda-congress.com\/2024\/dr-eusebi-matino\/\" \/>\n<meta property=\"og:locale\" content=\"en_US\" \/>\n<meta property=\"og:type\" content=\"article\" \/>\n<meta property=\"og:title\" content=\"Dr. Eusebi Mati\u00f1\u00f3 - IODA\" \/>\n<meta property=\"og:description\" content=\"Dr. Eusebi Mati\u00f1\u00f3 MD, PhD Barcelona, Spain Graduated in Medicine and Surgery in 1992 (University of Barcelona).\u00a0\u00a0 \u00a0Specialist in Otorhinolaryngology and Head and Neck Surgery at the Hospital de Sant Pau (Universitat Aut\u00f2noma de Barcelona)- 1996.\u00a0 \u00a0Specialist Doctor at the ENT Service of the Hospital Universitari General de Catalunya and at the Cl\u00ednica Creu Blanca [&hellip;]\" \/>\n<meta property=\"og:url\" content=\"https:\/\/ioda-congress.com\/2024\/dr-eusebi-matino\/\" \/>\n<meta property=\"og:site_name\" content=\"IODA\" \/>\n<meta property=\"article:publisher\" content=\"https:\/\/www.facebook.com\/IODAcademy\" \/>\n<meta property=\"article:modified_time\" content=\"2024-10-30T10:28:44+00:00\" \/>\n<meta property=\"og:image\" content=\"https:\/\/ioda-congress.com\/2024\/wp-content\/uploads\/2024\/10\/Eusebi-Matino.png\" \/>\n\t<meta property=\"og:image:width\" content=\"226\" \/>\n\t<meta property=\"og:image:height\" content=\"260\" \/>\n\t<meta property=\"og:image:type\" content=\"image\/png\" \/>\n<meta name=\"twitter:card\" content=\"summary_large_image\" \/>\n<meta name=\"twitter:label1\" content=\"Est. reading time\" \/>\n\t<meta name=\"twitter:data1\" content=\"1 minute\" \/>\n<script type=\"application\/ld+json\" class=\"yoast-schema-graph\">{\"@context\":\"https:\/\/schema.org\",\"@graph\":[{\"@type\":\"WebPage\",\"@id\":\"https:\/\/ioda-congress.com\/2024\/dr-eusebi-matino\/\",\"url\":\"https:\/\/ioda-congress.com\/2024\/dr-eusebi-matino\/\",\"name\":\"Dr. Eusebi Mati\u00f1\u00f3 - IODA\",\"isPartOf\":{\"@id\":\"https:\/\/ioda-congress.com\/2024\/#website\"},\"primaryImageOfPage\":{\"@id\":\"https:\/\/ioda-congress.com\/2024\/dr-eusebi-matino\/#primaryimage\"},\"image\":{\"@id\":\"https:\/\/ioda-congress.com\/2024\/dr-eusebi-matino\/#primaryimage\"},\"thumbnailUrl\":\"https:\/\/ioda-congress.com\/2024\/wp-content\/uploads\/2024\/10\/Eusebi-Matino.png\",\"datePublished\":\"2024-10-30T10:26:47+00:00\",\"dateModified\":\"2024-10-30T10:28:44+00:00\",\"breadcrumb\":{\"@id\":\"https:\/\/ioda-congress.com\/2024\/dr-eusebi-matino\/#breadcrumb\"},\"inLanguage\":\"en-US\",\"potentialAction\":[{\"@type\":\"ReadAction\",\"target\":[\"https:\/\/ioda-congress.com\/2024\/dr-eusebi-matino\/\"]}]},{\"@type\":\"ImageObject\",\"inLanguage\":\"en-US\",\"@id\":\"https:\/\/ioda-congress.com\/2024\/dr-eusebi-matino\/#primaryimage\",\"url\":\"https:\/\/ioda-congress.com\/2024\/wp-content\/uploads\/2024\/10\/Eusebi-Matino.png\",\"contentUrl\":\"https:\/\/ioda-congress.com\/2024\/wp-content\/uploads\/2024\/10\/Eusebi-Matino.png\",\"width\":226,\"height\":260},{\"@type\":\"BreadcrumbList\",\"@id\":\"https:\/\/ioda-congress.com\/2024\/dr-eusebi-matino\/#breadcrumb\",\"itemListElement\":[{\"@type\":\"ListItem\",\"position\":1,\"name\":\"Home\",\"item\":\"https:\/\/ioda-congress.com\/2024\/\"},{\"@type\":\"ListItem\",\"position\":2,\"name\":\"Dr. Eusebi Mati\u00f1\u00f3\"}]},{\"@type\":\"WebSite\",\"@id\":\"https:\/\/ioda-congress.com\/2024\/#website\",\"url\":\"https:\/\/ioda-congress.com\/2024\/\",\"name\":\"IODA\",\"description\":\"International Otology Disorders Academy\",\"publisher\":{\"@id\":\"https:\/\/ioda-congress.com\/2024\/#organization\"},\"potentialAction\":[{\"@type\":\"SearchAction\",\"target\":{\"@type\":\"EntryPoint\",\"urlTemplate\":\"https:\/\/ioda-congress.com\/2024\/?s={search_term_string}\"},\"query-input\":{\"@type\":\"PropertyValueSpecification\",\"valueRequired\":true,\"valueName\":\"search_term_string\"}}],\"inLanguage\":\"en-US\"},{\"@type\":\"Organization\",\"@id\":\"https:\/\/ioda-congress.com\/2024\/#organization\",\"name\":\"IODA\",\"url\":\"https:\/\/ioda-congress.com\/2024\/\",\"logo\":{\"@type\":\"ImageObject\",\"inLanguage\":\"en-US\",\"@id\":\"https:\/\/ioda-congress.com\/2024\/#\/schema\/logo\/image\/\",\"url\":\"https:\/\/ioda-congress.com\/2024\/wp-content\/uploads\/2024\/01\/IODA-logo.png\",\"contentUrl\":\"https:\/\/ioda-congress.com\/2024\/wp-content\/uploads\/2024\/01\/IODA-logo.png\",\"width\":498,\"height\":104,\"caption\":\"IODA\"},\"image\":{\"@id\":\"https:\/\/ioda-congress.com\/2024\/#\/schema\/logo\/image\/\"},\"sameAs\":[\"https:\/\/www.facebook.com\/IODAcademy\"]}]}<\/script>\n<!-- \/ Yoast SEO plugin. -->","yoast_head_json":{"title":"Dr. Eusebi Mati\u00f1\u00f3 - IODA","robots":{"index":"index","follow":"follow","max-snippet":"max-snippet:-1","max-image-preview":"max-image-preview:large","max-video-preview":"max-video-preview:-1"},"canonical":"https:\/\/ioda-congress.com\/2024\/dr-eusebi-matino\/","og_locale":"en_US","og_type":"article","og_title":"Dr. Eusebi Mati\u00f1\u00f3 - IODA","og_description":"Dr. Eusebi Mati\u00f1\u00f3 MD, PhD Barcelona, Spain Graduated in Medicine and Surgery in 1992 (University of Barcelona).\u00a0\u00a0 \u00a0Specialist in Otorhinolaryngology and Head and Neck Surgery at the Hospital de Sant Pau (Universitat Aut\u00f2noma de Barcelona)- 1996.\u00a0 \u00a0Specialist Doctor at the ENT Service of the Hospital Universitari General de Catalunya and at the Cl\u00ednica Creu Blanca [&hellip;]","og_url":"https:\/\/ioda-congress.com\/2024\/dr-eusebi-matino\/","og_site_name":"IODA","article_publisher":"https:\/\/www.facebook.com\/IODAcademy","article_modified_time":"2024-10-30T10:28:44+00:00","og_image":[{"width":226,"height":260,"url":"https:\/\/ioda-congress.com\/2024\/wp-content\/uploads\/2024\/10\/Eusebi-Matino.png","type":"image\/png"}],"twitter_card":"summary_large_image","twitter_misc":{"Est. reading time":"1 minute"},"schema":{"@context":"https:\/\/schema.org","@graph":[{"@type":"WebPage","@id":"https:\/\/ioda-congress.com\/2024\/dr-eusebi-matino\/","url":"https:\/\/ioda-congress.com\/2024\/dr-eusebi-matino\/","name":"Dr. Eusebi Mati\u00f1\u00f3 - IODA","isPartOf":{"@id":"https:\/\/ioda-congress.com\/2024\/#website"},"primaryImageOfPage":{"@id":"https:\/\/ioda-congress.com\/2024\/dr-eusebi-matino\/#primaryimage"},"image":{"@id":"https:\/\/ioda-congress.com\/2024\/dr-eusebi-matino\/#primaryimage"},"thumbnailUrl":"https:\/\/ioda-congress.com\/2024\/wp-content\/uploads\/2024\/10\/Eusebi-Matino.png","datePublished":"2024-10-30T10:26:47+00:00","dateModified":"2024-10-30T10:28:44+00:00","breadcrumb":{"@id":"https:\/\/ioda-congress.com\/2024\/dr-eusebi-matino\/#breadcrumb"},"inLanguage":"en-US","potentialAction":[{"@type":"ReadAction","target":["https:\/\/ioda-congress.com\/2024\/dr-eusebi-matino\/"]}]},{"@type":"ImageObject","inLanguage":"en-US","@id":"https:\/\/ioda-congress.com\/2024\/dr-eusebi-matino\/#primaryimage","url":"https:\/\/ioda-congress.com\/2024\/wp-content\/uploads\/2024\/10\/Eusebi-Matino.png","contentUrl":"https:\/\/ioda-congress.com\/2024\/wp-content\/uploads\/2024\/10\/Eusebi-Matino.png","width":226,"height":260},{"@type":"BreadcrumbList","@id":"https:\/\/ioda-congress.com\/2024\/dr-eusebi-matino\/#breadcrumb","itemListElement":[{"@type":"ListItem","position":1,"name":"Home","item":"https:\/\/ioda-congress.com\/2024\/"},{"@type":"ListItem","position":2,"name":"Dr. Eusebi Mati\u00f1\u00f3"}]},{"@type":"WebSite","@id":"https:\/\/ioda-congress.com\/2024\/#website","url":"https:\/\/ioda-congress.com\/2024\/","name":"IODA","description":"International Otology Disorders Academy","publisher":{"@id":"https:\/\/ioda-congress.com\/2024\/#organization"},"potentialAction":[{"@type":"SearchAction","target":{"@type":"EntryPoint","urlTemplate":"https:\/\/ioda-congress.com\/2024\/?s={search_term_string}"},"query-input":{"@type":"PropertyValueSpecification","valueRequired":true,"valueName":"search_term_string"}}],"inLanguage":"en-US"},{"@type":"Organization","@id":"https:\/\/ioda-congress.com\/2024\/#organization","name":"IODA","url":"https:\/\/ioda-congress.com\/2024\/","logo":{"@type":"ImageObject","inLanguage":"en-US","@id":"https:\/\/ioda-congress.com\/2024\/#\/schema\/logo\/image\/","url":"https:\/\/ioda-congress.com\/2024\/wp-content\/uploads\/2024\/01\/IODA-logo.png","contentUrl":"https:\/\/ioda-congress.com\/2024\/wp-content\/uploads\/2024\/01\/IODA-logo.png","width":498,"height":104,"caption":"IODA"},"image":{"@id":"https:\/\/ioda-congress.com\/2024\/#\/schema\/logo\/image\/"},"sameAs":["https:\/\/www.facebook.com\/IODAcademy"]}]}},"_links":{"self":[{"href":"https:\/\/ioda-congress.com\/2024\/wp-json\/wp\/v2\/pages\/3395","targetHints":{"allow":["GET"]}}],"collection":[{"href":"https:\/\/ioda-congress.com\/2024\/wp-json\/wp\/v2\/pages"}],"about":[{"href":"https:\/\/ioda-congress.com\/2024\/wp-json\/wp\/v2\/types\/page"}],"author":[{"embeddable":true,"href":"https:\/\/ioda-congress.com\/2024\/wp-json\/wp\/v2\/users\/1"}],"replies":[{"embeddable":true,"href":"https:\/\/ioda-congress.com\/2024\/wp-json\/wp\/v2\/comments?post=3395"}],"version-history":[{"count":7,"href":"https:\/\/ioda-congress.com\/2024\/wp-json\/wp\/v2\/pages\/3395\/revisions"}],"predecessor-version":[{"id":3403,"href":"https:\/\/ioda-congress.com\/2024\/wp-json\/wp\/v2\/pages\/3395\/revisions\/3403"}],"wp:attachment":[{"href":"https:\/\/ioda-congress.com\/2024\/wp-json\/wp\/v2\/media?parent=3395"}],"curies":[{"name":"wp","href":"https:\/\/api.w.org\/{rel}","templated":true}]}}