{"id":1707,"date":"2024-07-23T13:23:42","date_gmt":"2024-07-23T13:23:42","guid":{"rendered":"https:\/\/ioda-congress.com\/2025\/?page_id=1707"},"modified":"2025-11-10T07:48:22","modified_gmt":"2025-11-10T07:48:22","slug":"invited_speakers","status":"publish","type":"page","link":"https:\/\/ioda-congress.com\/2025\/invited_speakers\/","title":{"rendered":"Invited Speakers"},"content":{"rendered":"\t\t<div data-elementor-type=\"wp-page\" data-elementor-id=\"1707\" class=\"elementor elementor-1707\" data-elementor-post-type=\"page\">\n\t\t\t\t<section class=\"elementor-element elementor-element-193cdfe e-flex e-con-boxed e-con e-parent\" data-id=\"193cdfe\" data-element_type=\"container\" data-settings=\"{&quot;background_background&quot;:&quot;classic&quot;}\">\n\t\t\t\t\t<div class=\"e-con-inner\">\n\t\t<div class=\"elementor-element elementor-element-42ecc01 e-con-full e-flex elementor-invisible e-con e-child\" data-id=\"42ecc01\" data-element_type=\"container\" data-settings=\"{&quot;animation&quot;:&quot;fadeIn&quot;}\">\n\t\t\t\t<div class=\"elementor-element elementor-element-3bb130c elementor-widget elementor-widget-heading\" data-id=\"3bb130c\" data-element_type=\"widget\" data-settings=\"{&quot;_animation_mobile&quot;:&quot;zoomInUp&quot;}\" data-widget_type=\"heading.default\">\n\t\t\t\t<div class=\"elementor-widget-container\">\n\t\t\t\t\t<h2 class=\"elementor-heading-title elementor-size-default\">Invited Speakers<\/h2>\t\t\t\t<\/div>\n\t\t\t\t<\/div>\n\t\t\t\t<\/div>\n\t\t<div class=\"elementor-element elementor-element-65c8223 e-con-full e-flex elementor-invisible e-con e-child\" data-id=\"65c8223\" data-element_type=\"container\" data-settings=\"{&quot;animation&quot;:&quot;fadeIn&quot;}\">\n\t\t\t\t<div class=\"elementor-element elementor-element-530ae21 elementor-invisible elementor-widget elementor-widget-image\" data-id=\"530ae21\" data-element_type=\"widget\" data-settings=\"{&quot;_animation&quot;:&quot;fadeIn&quot;}\" data-widget_type=\"image.default\">\n\t\t\t\t<div class=\"elementor-widget-container\">\n\t\t\t\t\t\t\t\t\t\t\t\t\t\t\t<img decoding=\"async\" src=\"https:\/\/ioda-congress.com\/2025\/wp-content\/uploads\/elementor\/thumbs\/IODA-Congress-Logo-Web-rg4xtc7qb13zaia20drfneal8fkfnep08tuul1et4w.png\" title=\"IODA-Congress-Logo-Web\" alt=\"Registration\" loading=\"lazy\" \/>\t\t\t\t\t\t\t\t\t\t\t\t\t\t\t<\/div>\n\t\t\t\t<\/div>\n\t\t\t\t<div class=\"elementor-element elementor-element-b47f630 elementor-widget elementor-widget-heading\" data-id=\"b47f630\" data-element_type=\"widget\" data-widget_type=\"heading.default\">\n\t\t\t\t<div class=\"elementor-widget-container\">\n\t\t\t\t\t<h6 class=\"elementor-heading-title elementor-size-default\">4th International<\/h6>\t\t\t\t<\/div>\n\t\t\t\t<\/div>\n\t\t\t\t<div class=\"elementor-element elementor-element-56a85b6 elementor-widget elementor-widget-heading\" data-id=\"56a85b6\" data-element_type=\"widget\" data-settings=\"{&quot;_animation_mobile&quot;:&quot;zoomInUp&quot;}\" data-widget_type=\"heading.default\">\n\t\t\t\t<div class=\"elementor-widget-container\">\n\t\t\t\t\t<h3 class=\"elementor-heading-title elementor-size-default\">OTOLOGY DISORDER<\/h3>\t\t\t\t<\/div>\n\t\t\t\t<\/div>\n\t\t\t\t<div class=\"elementor-element elementor-element-1d3015f elementor-invisible elementor-widget elementor-widget-heading\" data-id=\"1d3015f\" data-element_type=\"widget\" data-settings=\"{&quot;_animation&quot;:&quot;fadeInUp&quot;,&quot;_animation_delay&quot;:500}\" data-widget_type=\"heading.default\">\n\t\t\t\t<div class=\"elementor-widget-container\">\n\t\t\t\t\t<h5 class=\"elementor-heading-title elementor-size-default\">ACADEMY CONGRESS<\/h5>\t\t\t\t<\/div>\n\t\t\t\t<\/div>\n\t\t\t\t<div class=\"elementor-element elementor-element-d80a892 elementor-widget elementor-widget-heading\" data-id=\"d80a892\" data-element_type=\"widget\" data-widget_type=\"heading.default\">\n\t\t\t\t<div class=\"elementor-widget-container\">\n\t\t\t\t\t<p class=\"elementor-heading-title elementor-size-default\">WARSAW, POLAND | 12 - 15 November 2025<\/p>\t\t\t\t<\/div>\n\t\t\t\t<\/div>\n\t\t\t\t<\/div>\n\t\t\t\t\t<\/div>\n\t\t\t\t<\/section>\n\t\t<div class=\"elementor-element elementor-element-0b05b3a e-flex e-con-boxed e-con e-parent\" data-id=\"0b05b3a\" data-element_type=\"container\">\n\t\t\t\t\t<div class=\"e-con-inner\">\n\t\t\t\t<div class=\"elementor-element elementor-element-8d26b23 elementor-widget__width-initial elementor-widget elementor-widget-heading\" data-id=\"8d26b23\" data-element_type=\"widget\" data-widget_type=\"heading.default\">\n\t\t\t\t<div class=\"elementor-widget-container\">\n\t\t\t\t\t<h2 class=\"elementor-heading-title elementor-size-default\">Invited Speakers<\/h2>\t\t\t\t<\/div>\n\t\t\t\t<\/div>\n\t\t\t\t<div class=\"elementor-element elementor-element-2c08215 elementor-widget__width-initial elementor-widget elementor-widget-text-editor\" data-id=\"2c08215\" data-element_type=\"widget\" data-widget_type=\"text-editor.default\">\n\t\t\t\t<div class=\"elementor-widget-container\">\n\t\t\t\t\t\t\t\t\t<p>\u00a0<\/p><ul><li><strong>Denis Ayache,<\/strong> <em>France<\/em><\/li><li><strong>Robert Bartoszewicz<\/strong>, <em>Poland<\/em><\/li><li><strong>Eliza Bro\u017cek-M\u0105dry,<\/strong> <em>Poland<\/em><\/li><li><strong>Anthony Chauvin,<\/strong> <em>France<\/em><\/li><li><strong>Jean Couturier,<\/strong> <em>France<\/em><\/li><li><strong>Mary Daval,<\/strong> <em>France<\/em><\/li><li><strong>Mehdi El Fakiri<\/strong>, <em>Morocco<\/em><\/li><li><strong>Wojciech Gaw\u0119cki,<\/strong> <em>Poland<\/em><\/li><li><strong>Amal Hajjij,<\/strong> <em>Morocco<\/em><\/li><li><strong>Abdelrahman Ibrahim<\/strong>, <em>UK<\/em><\/li><li><strong>Pierre-Emmanuel Lemesre<\/strong>, <em>France<\/em><\/li><li><strong>Daniel L\u00e9vy,<\/strong> <em>France<\/em><\/li><li><strong>Kazimierz Niemczyk,<\/strong> <em>Poland<\/em><\/li><li><strong>Catherine Nowak,<\/strong> <em>France<\/em><\/li><li><strong>Nuri Ozgirgin<\/strong>, <em>Turkey<\/em><\/li><li><strong>Ronen Perez,<\/strong> <em>Israel<\/em><\/li><li><strong>Michalina Piechocka<\/strong>, <em>Poland<\/em><\/li><li><strong>Guillaume Poillon,<\/strong> <em>France<\/em><\/li><li><strong>Katarzyna Przytu\u0142a-Kandzia<\/strong>, <em>Poland<\/em><\/li><li><strong>Katarzyna Radomska,<\/strong> <em>Poland<\/em><\/li><li><strong>Andra Sebestyan,<\/strong> <em>France<\/em><\/li><li><strong>Avi Shupak,<\/strong> <em>Israel<\/em><\/li><li><strong>Maria Pia Tuset,<\/strong> <em>France<\/em><\/li><li><strong>Robert Vincent<\/strong>, <em>France<\/em><\/li><li><strong>Sandra Zaouche<\/strong>, <em>France<\/em><\/li><\/ul>\t\t\t\t\t\t\t\t<\/div>\n\t\t\t\t<\/div>\n\t\t\t\t\t<\/div>\n\t\t\t\t<\/div>\n\t\t\t\t<\/div>\n\t\t","protected":false},"excerpt":{"rendered":"<p>Invited Speakers 4th International OTOLOGY DISORDER ACADEMY CONGRESS WARSAW, POLAND | 12 &#8211; 15 November 2025 Invited Speakers \u00a0 Denis Ayache, France Robert Bartoszewicz, Poland Eliza Bro\u017cek-M\u0105dry, Poland Anthony Chauvin, France Jean Couturier, France Mary Daval, France Mehdi El Fakiri, Morocco Wojciech Gaw\u0119cki, Poland Amal Hajjij, Morocco Abdelrahman Ibrahim, UK Pierre-Emmanuel Lemesre, France Daniel L\u00e9vy, [&hellip;]<\/p>\n","protected":false},"author":1,"featured_media":0,"parent":0,"menu_order":0,"comment_status":"closed","ping_status":"closed","template":"","meta":{"_acf_changed":false,"om_disable_all_campaigns":false,"_monsterinsights_skip_tracking":false,"_monsterinsights_sitenote_active":false,"_monsterinsights_sitenote_note":"","_monsterinsights_sitenote_category":0,"_uf_show_specific_survey":0,"_uf_disable_surveys":false,"footnotes":""},"class_list":["post-1707","page","type-page","status-publish","hentry"],"acf":[],"yoast_head":"<!-- This site is optimized with the Yoast SEO plugin v26.5 - https:\/\/yoast.com\/wordpress\/plugins\/seo\/ -->\n<title>Invited Speakers - IODA<\/title>\n<meta name=\"description\" content=\"Stay tuned to this page for the preliminary program. We at IODA preparing to unveil our Invited Speakers shortly. Watch out for updates!\" \/>\n<meta name=\"robots\" content=\"index, follow, max-snippet:-1, max-image-preview:large, max-video-preview:-1\" \/>\n<link rel=\"canonical\" href=\"https:\/\/ioda-congress.com\/2025\/invited_speakers\/\" \/>\n<meta property=\"og:locale\" content=\"en_US\" \/>\n<meta property=\"og:type\" content=\"article\" \/>\n<meta property=\"og:title\" content=\"Invited Speakers - IODA\" \/>\n<meta property=\"og:description\" content=\"Stay tuned to this page for the preliminary program. We at IODA preparing to unveil our Invited Speakers shortly. Watch out for updates!\" \/>\n<meta property=\"og:url\" content=\"https:\/\/ioda-congress.com\/2025\/invited_speakers\/\" \/>\n<meta property=\"og:site_name\" content=\"IODA\" \/>\n<meta property=\"article:publisher\" content=\"https:\/\/www.facebook.com\/IODAcademy\" \/>\n<meta property=\"article:modified_time\" content=\"2025-11-10T07:48:22+00:00\" \/>\n<meta property=\"og:image\" content=\"https:\/\/ioda-congress.com\/2025\/wp-content\/uploads\/elementor\/thumbs\/IODA-Congress-Logo-Web-qjgdh0i8cw34fmhxgg6q60hn0aamu2xutceq8dkgzk.png\" \/>\n<meta name=\"twitter:card\" content=\"summary_large_image\" \/>\n<meta name=\"twitter:label1\" content=\"Est. reading time\" \/>\n\t<meta name=\"twitter:data1\" content=\"1 minute\" \/>\n<script type=\"application\/ld+json\" class=\"yoast-schema-graph\">{\"@context\":\"https:\/\/schema.org\",\"@graph\":[{\"@type\":\"WebPage\",\"@id\":\"https:\/\/ioda-congress.com\/2025\/invited_speakers\/\",\"url\":\"https:\/\/ioda-congress.com\/2025\/invited_speakers\/\",\"name\":\"Invited Speakers - IODA\",\"isPartOf\":{\"@id\":\"https:\/\/ioda-congress.com\/2025\/#website\"},\"primaryImageOfPage\":{\"@id\":\"https:\/\/ioda-congress.com\/2025\/invited_speakers\/#primaryimage\"},\"image\":{\"@id\":\"https:\/\/ioda-congress.com\/2025\/invited_speakers\/#primaryimage\"},\"thumbnailUrl\":\"https:\/\/ioda-congress.com\/2025\/wp-content\/uploads\/elementor\/thumbs\/IODA-Congress-Logo-Web-qjgdh0i8cw34fmhxgg6q60hn0aamu2xutceq8dkgzk.png\",\"datePublished\":\"2024-07-23T13:23:42+00:00\",\"dateModified\":\"2025-11-10T07:48:22+00:00\",\"description\":\"Stay tuned to this page for the preliminary program. We at IODA preparing to unveil our Invited Speakers shortly. Watch out for updates!\",\"breadcrumb\":{\"@id\":\"https:\/\/ioda-congress.com\/2025\/invited_speakers\/#breadcrumb\"},\"inLanguage\":\"en-US\",\"potentialAction\":[{\"@type\":\"ReadAction\",\"target\":[\"https:\/\/ioda-congress.com\/2025\/invited_speakers\/\"]}]},{\"@type\":\"ImageObject\",\"inLanguage\":\"en-US\",\"@id\":\"https:\/\/ioda-congress.com\/2025\/invited_speakers\/#primaryimage\",\"url\":\"https:\/\/ioda-congress.com\/2025\/wp-content\/uploads\/elementor\/thumbs\/IODA-Congress-Logo-Web-qjgdh0i8cw34fmhxgg6q60hn0aamu2xutceq8dkgzk.png\",\"contentUrl\":\"https:\/\/ioda-congress.com\/2025\/wp-content\/uploads\/elementor\/thumbs\/IODA-Congress-Logo-Web-qjgdh0i8cw34fmhxgg6q60hn0aamu2xutceq8dkgzk.png\"},{\"@type\":\"BreadcrumbList\",\"@id\":\"https:\/\/ioda-congress.com\/2025\/invited_speakers\/#breadcrumb\",\"itemListElement\":[{\"@type\":\"ListItem\",\"position\":1,\"name\":\"Home\",\"item\":\"https:\/\/ioda-congress.com\/2025\/\"},{\"@type\":\"ListItem\",\"position\":2,\"name\":\"Invited Speakers\"}]},{\"@type\":\"WebSite\",\"@id\":\"https:\/\/ioda-congress.com\/2025\/#website\",\"url\":\"https:\/\/ioda-congress.com\/2025\/\",\"name\":\"IODA congress\",\"description\":\"International Otology Disorders Academy\",\"publisher\":{\"@id\":\"https:\/\/ioda-congress.com\/2025\/#organization\"},\"potentialAction\":[{\"@type\":\"SearchAction\",\"target\":{\"@type\":\"EntryPoint\",\"urlTemplate\":\"https:\/\/ioda-congress.com\/2025\/?s={search_term_string}\"},\"query-input\":{\"@type\":\"PropertyValueSpecification\",\"valueRequired\":true,\"valueName\":\"search_term_string\"}}],\"inLanguage\":\"en-US\"},{\"@type\":\"Organization\",\"@id\":\"https:\/\/ioda-congress.com\/2025\/#organization\",\"name\":\"IODA\",\"url\":\"https:\/\/ioda-congress.com\/2025\/\",\"logo\":{\"@type\":\"ImageObject\",\"inLanguage\":\"en-US\",\"@id\":\"https:\/\/ioda-congress.com\/2025\/#\/schema\/logo\/image\/\",\"url\":\"https:\/\/ioda-congress.com\/2025\/wp-content\/uploads\/2024\/01\/IODA-logo.png\",\"contentUrl\":\"https:\/\/ioda-congress.com\/2025\/wp-content\/uploads\/2024\/01\/IODA-logo.png\",\"width\":498,\"height\":104,\"caption\":\"IODA\"},\"image\":{\"@id\":\"https:\/\/ioda-congress.com\/2025\/#\/schema\/logo\/image\/\"},\"sameAs\":[\"https:\/\/www.facebook.com\/IODAcademy\"]}]}<\/script>\n<!-- \/ Yoast SEO plugin. -->","yoast_head_json":{"title":"Invited Speakers - IODA","description":"Stay tuned to this page for the preliminary program. We at IODA preparing to unveil our Invited Speakers shortly. Watch out for updates!","robots":{"index":"index","follow":"follow","max-snippet":"max-snippet:-1","max-image-preview":"max-image-preview:large","max-video-preview":"max-video-preview:-1"},"canonical":"https:\/\/ioda-congress.com\/2025\/invited_speakers\/","og_locale":"en_US","og_type":"article","og_title":"Invited Speakers - IODA","og_description":"Stay tuned to this page for the preliminary program. We at IODA preparing to unveil our Invited Speakers shortly. Watch out for updates!","og_url":"https:\/\/ioda-congress.com\/2025\/invited_speakers\/","og_site_name":"IODA","article_publisher":"https:\/\/www.facebook.com\/IODAcademy","article_modified_time":"2025-11-10T07:48:22+00:00","og_image":[{"url":"https:\/\/ioda-congress.com\/2025\/wp-content\/uploads\/elementor\/thumbs\/IODA-Congress-Logo-Web-qjgdh0i8cw34fmhxgg6q60hn0aamu2xutceq8dkgzk.png","type":"","width":"","height":""}],"twitter_card":"summary_large_image","twitter_misc":{"Est. reading time":"1 minute"},"schema":{"@context":"https:\/\/schema.org","@graph":[{"@type":"WebPage","@id":"https:\/\/ioda-congress.com\/2025\/invited_speakers\/","url":"https:\/\/ioda-congress.com\/2025\/invited_speakers\/","name":"Invited Speakers - IODA","isPartOf":{"@id":"https:\/\/ioda-congress.com\/2025\/#website"},"primaryImageOfPage":{"@id":"https:\/\/ioda-congress.com\/2025\/invited_speakers\/#primaryimage"},"image":{"@id":"https:\/\/ioda-congress.com\/2025\/invited_speakers\/#primaryimage"},"thumbnailUrl":"https:\/\/ioda-congress.com\/2025\/wp-content\/uploads\/elementor\/thumbs\/IODA-Congress-Logo-Web-qjgdh0i8cw34fmhxgg6q60hn0aamu2xutceq8dkgzk.png","datePublished":"2024-07-23T13:23:42+00:00","dateModified":"2025-11-10T07:48:22+00:00","description":"Stay tuned to this page for the preliminary program. We at IODA preparing to unveil our Invited Speakers shortly. Watch out for updates!","breadcrumb":{"@id":"https:\/\/ioda-congress.com\/2025\/invited_speakers\/#breadcrumb"},"inLanguage":"en-US","potentialAction":[{"@type":"ReadAction","target":["https:\/\/ioda-congress.com\/2025\/invited_speakers\/"]}]},{"@type":"ImageObject","inLanguage":"en-US","@id":"https:\/\/ioda-congress.com\/2025\/invited_speakers\/#primaryimage","url":"https:\/\/ioda-congress.com\/2025\/wp-content\/uploads\/elementor\/thumbs\/IODA-Congress-Logo-Web-qjgdh0i8cw34fmhxgg6q60hn0aamu2xutceq8dkgzk.png","contentUrl":"https:\/\/ioda-congress.com\/2025\/wp-content\/uploads\/elementor\/thumbs\/IODA-Congress-Logo-Web-qjgdh0i8cw34fmhxgg6q60hn0aamu2xutceq8dkgzk.png"},{"@type":"BreadcrumbList","@id":"https:\/\/ioda-congress.com\/2025\/invited_speakers\/#breadcrumb","itemListElement":[{"@type":"ListItem","position":1,"name":"Home","item":"https:\/\/ioda-congress.com\/2025\/"},{"@type":"ListItem","position":2,"name":"Invited Speakers"}]},{"@type":"WebSite","@id":"https:\/\/ioda-congress.com\/2025\/#website","url":"https:\/\/ioda-congress.com\/2025\/","name":"IODA congress","description":"International Otology Disorders Academy","publisher":{"@id":"https:\/\/ioda-congress.com\/2025\/#organization"},"potentialAction":[{"@type":"SearchAction","target":{"@type":"EntryPoint","urlTemplate":"https:\/\/ioda-congress.com\/2025\/?s={search_term_string}"},"query-input":{"@type":"PropertyValueSpecification","valueRequired":true,"valueName":"search_term_string"}}],"inLanguage":"en-US"},{"@type":"Organization","@id":"https:\/\/ioda-congress.com\/2025\/#organization","name":"IODA","url":"https:\/\/ioda-congress.com\/2025\/","logo":{"@type":"ImageObject","inLanguage":"en-US","@id":"https:\/\/ioda-congress.com\/2025\/#\/schema\/logo\/image\/","url":"https:\/\/ioda-congress.com\/2025\/wp-content\/uploads\/2024\/01\/IODA-logo.png","contentUrl":"https:\/\/ioda-congress.com\/2025\/wp-content\/uploads\/2024\/01\/IODA-logo.png","width":498,"height":104,"caption":"IODA"},"image":{"@id":"https:\/\/ioda-congress.com\/2025\/#\/schema\/logo\/image\/"},"sameAs":["https:\/\/www.facebook.com\/IODAcademy"]}]}},"_links":{"self":[{"href":"https:\/\/ioda-congress.com\/2025\/wp-json\/wp\/v2\/pages\/1707","targetHints":{"allow":["GET"]}}],"collection":[{"href":"https:\/\/ioda-congress.com\/2025\/wp-json\/wp\/v2\/pages"}],"about":[{"href":"https:\/\/ioda-congress.com\/2025\/wp-json\/wp\/v2\/types\/page"}],"author":[{"embeddable":true,"href":"https:\/\/ioda-congress.com\/2025\/wp-json\/wp\/v2\/users\/1"}],"replies":[{"embeddable":true,"href":"https:\/\/ioda-congress.com\/2025\/wp-json\/wp\/v2\/comments?post=1707"}],"version-history":[{"count":131,"href":"https:\/\/ioda-congress.com\/2025\/wp-json\/wp\/v2\/pages\/1707\/revisions"}],"predecessor-version":[{"id":4794,"href":"https:\/\/ioda-congress.com\/2025\/wp-json\/wp\/v2\/pages\/1707\/revisions\/4794"}],"wp:attachment":[{"href":"https:\/\/ioda-congress.com\/2025\/wp-json\/wp\/v2\/media?parent=1707"}],"curies":[{"name":"wp","href":"https:\/\/api.w.org\/{rel}","templated":true}]}}