{"id":1737,"date":"2024-07-23T14:01:34","date_gmt":"2024-07-23T14:01:34","guid":{"rendered":"https:\/\/ioda-congress.com\/2025\/?page_id=1737"},"modified":"2025-07-11T08:56:31","modified_gmt":"2025-07-11T08:56:31","slug":"denis-ayache","status":"publish","type":"page","link":"https:\/\/ioda-congress.com\/2025\/denis-ayache\/","title":{"rendered":"-Prof Denis Ayache"},"content":{"rendered":"\t\t<div data-elementor-type=\"wp-page\" data-elementor-id=\"1737\" class=\"elementor elementor-1737\" data-elementor-post-type=\"page\">\n\t\t\t\t\t\t<section class=\"elementor-section elementor-top-section elementor-element elementor-element-745d42ae elementor-section-height-min-height elementor-section-boxed elementor-section-height-default elementor-section-items-middle\" data-id=\"745d42ae\" data-element_type=\"section\" data-settings=\"{&quot;background_background&quot;:&quot;classic&quot;}\">\n\t\t\t\t\t\t\t<div class=\"elementor-background-overlay\"><\/div>\n\t\t\t\t\t\t\t<div class=\"elementor-container elementor-column-gap-default\">\n\t\t\t\t\t<div class=\"elementor-column elementor-col-100 elementor-top-column elementor-element elementor-element-d96955d\" data-id=\"d96955d\" data-element_type=\"column\">\n\t\t\t<div class=\"elementor-widget-wrap elementor-element-populated\">\n\t\t\t\t\t\t<div class=\"elementor-element elementor-element-a2ec884 elementor-widget elementor-widget-heading\" data-id=\"a2ec884\" data-element_type=\"widget\" data-widget_type=\"heading.default\">\n\t\t\t\t<div class=\"elementor-widget-container\">\n\t\t\t\t\t<h2 class=\"elementor-heading-title elementor-size-default\">Prof Denis Ayache<\/h2>\t\t\t\t<\/div>\n\t\t\t\t<\/div>\n\t\t\t\t<div class=\"elementor-element elementor-element-126990a elementor-widget elementor-widget-heading\" data-id=\"126990a\" data-element_type=\"widget\" data-widget_type=\"heading.default\">\n\t\t\t\t<div class=\"elementor-widget-container\">\n\t\t\t\t\t<h2 class=\"elementor-heading-title elementor-size-default\">France<\/h2>\t\t\t\t<\/div>\n\t\t\t\t<\/div>\n\t\t\t\t\t<\/div>\n\t\t<\/div>\n\t\t\t\t\t<\/div>\n\t\t<\/section>\n\t\t<div class=\"elementor-element elementor-element-6f3e27b e-flex e-con-boxed e-con e-parent\" data-id=\"6f3e27b\" data-element_type=\"container\">\n\t\t\t\t\t<div class=\"e-con-inner\">\n\t\t\t\t<div class=\"elementor-element elementor-element-d84bf12 elementor-widget elementor-widget-image\" data-id=\"d84bf12\" data-element_type=\"widget\" data-widget_type=\"image.default\">\n\t\t\t\t<div class=\"elementor-widget-container\">\n\t\t\t\t\t\t\t\t\t\t\t\t\t\t\t<img fetchpriority=\"high\" decoding=\"async\" width=\"372\" height=\"338\" src=\"https:\/\/ioda-congress.com\/2025\/wp-content\/uploads\/2024\/02\/4.png\" class=\"attachment-full size-full wp-image-465\" alt=\"scientific committee\" srcset=\"https:\/\/ioda-congress.com\/2025\/wp-content\/uploads\/2024\/02\/4.png 372w, https:\/\/ioda-congress.com\/2025\/wp-content\/uploads\/2024\/02\/4-300x273.png 300w\" sizes=\"(max-width: 372px) 100vw, 372px\" \/>\t\t\t\t\t\t\t\t\t\t\t\t\t\t\t<\/div>\n\t\t\t\t<\/div>\n\t\t\t\t\t<\/div>\n\t\t\t\t<\/div>\n\t\t\t\t<section class=\"elementor-section elementor-top-section elementor-element elementor-element-62733a19 elementor-section-boxed elementor-section-height-default elementor-section-height-default\" data-id=\"62733a19\" data-element_type=\"section\">\n\t\t\t\t\t\t<div class=\"elementor-container elementor-column-gap-wider\">\n\t\t\t\t\t<div class=\"elementor-column elementor-col-100 elementor-top-column elementor-element elementor-element-34f15bc7\" data-id=\"34f15bc7\" data-element_type=\"column\">\n\t\t\t<div class=\"elementor-widget-wrap elementor-element-populated\">\n\t\t\t\t\t\t<div class=\"elementor-element elementor-element-66284f elementor-widget elementor-widget-text-editor\" data-id=\"66284f\" data-element_type=\"widget\" data-widget_type=\"text-editor.default\">\n\t\t\t\t<div class=\"elementor-widget-container\">\n\t\t\t\t\t\t\t\t\t<p style=\"font-weight: 400;\">Doctor Denis Ayache is a physician specializing in otolaryngology and head and neck surgery. Head of the ENT and head and neck surgery department at the Adolphe de Rothschild Foundation Hospital &#8211; Associate Professor at the College of Medicine of the Paris Hospitals.<\/p><p style=\"font-weight: 400;\">He is a former intern at the Paris Hospitals, former head of clinic at the university \u2013 Assistant at the Paris Hospitals and Associate Professor at the College of Medicine of the Paris Hospitals.<\/p><p style=\"font-weight: 400;\">Dr. Ayache&#8217;s main areas of interest are otology and lateral skull base surgery. He is an innovator in ear imaging techniques by being the first to describe, with Dr. Williams &#8211; a radiologist at the Rothschild Foundation Hospital, a special MRI protocol for the detection and management of cholesteatoma in the postoperative period.<\/p><p style=\"font-weight: 400;\">Dr. Ayache also devotes part of his professional activity to teaching (deputy general secretary of the Coll\u00e8ge Fran\u00e7ais des Enseignants en ORL, vice-president of ORL-DPC responsible for the continuing professional development of ENT physicians), clinical research and scientific publications. He is the signatory of more than 80 scientific articles, author of books or book chapters, and is involved in ENT association activities (member of several French or foreign associations or learned societies, representative of the ENT specialty with the F\u00e9d\u00e9ration des Sp\u00e9cialit\u00e9s M\u00e9dicales, member of the executive board of the CNP d&#8217;ORL).<\/p><p style=\"font-weight: 400;\">\u00a0<\/p>\t\t\t\t\t\t\t\t<\/div>\n\t\t\t\t<\/div>\n\t\t\t\t\t<\/div>\n\t\t<\/div>\n\t\t\t\t\t<\/div>\n\t\t<\/section>\n\t\t\t\t<\/div>\n\t\t","protected":false},"excerpt":{"rendered":"<p>Prof Denis Ayache France Doctor Denis Ayache is a physician specializing in otolaryngology and head and neck surgery. Head of the ENT and head and neck surgery department at the Adolphe de Rothschild Foundation Hospital &#8211; Associate Professor at the College of Medicine of the Paris Hospitals. He is a former intern at the Paris [&hellip;]<\/p>\n","protected":false},"author":1,"featured_media":0,"parent":0,"menu_order":0,"comment_status":"closed","ping_status":"closed","template":"elementor_header_footer","meta":{"_acf_changed":false,"om_disable_all_campaigns":false,"_monsterinsights_skip_tracking":false,"_monsterinsights_sitenote_active":false,"_monsterinsights_sitenote_note":"","_monsterinsights_sitenote_category":0,"_uf_show_specific_survey":0,"_uf_disable_surveys":false,"footnotes":""},"class_list":["post-1737","page","type-page","status-publish","hentry"],"acf":[],"yoast_head":"<!-- This site is optimized with the Yoast SEO plugin v26.5 - https:\/\/yoast.com\/wordpress\/plugins\/seo\/ -->\n<title>Prof Denis Ayache - IODA<\/title>\n<meta name=\"description\" content=\"Discover Prof Denis Ayache, his expertise, professional background, and contributions to the IODA Congress.\" \/>\n<meta name=\"robots\" content=\"index, follow, max-snippet:-1, max-image-preview:large, max-video-preview:-1\" \/>\n<link rel=\"canonical\" href=\"https:\/\/ioda-congress.com\/2025\/denis-ayache\/\" \/>\n<meta property=\"og:locale\" content=\"en_US\" \/>\n<meta property=\"og:type\" content=\"article\" \/>\n<meta property=\"og:title\" content=\"Prof Denis Ayache - IODA\" \/>\n<meta property=\"og:description\" content=\"Discover Prof Denis Ayache, his expertise, professional background, and contributions to the IODA Congress.\" \/>\n<meta property=\"og:url\" content=\"https:\/\/ioda-congress.com\/2025\/denis-ayache\/\" \/>\n<meta property=\"og:site_name\" content=\"IODA\" \/>\n<meta property=\"article:publisher\" content=\"https:\/\/www.facebook.com\/IODAcademy\" \/>\n<meta property=\"article:modified_time\" content=\"2025-07-11T08:56:31+00:00\" \/>\n<meta property=\"og:image\" content=\"https:\/\/ioda-congress.com\/2025\/wp-content\/uploads\/2024\/02\/4.png\" \/>\n<meta name=\"twitter:card\" content=\"summary_large_image\" \/>\n<meta name=\"twitter:label1\" content=\"Est. reading time\" \/>\n\t<meta name=\"twitter:data1\" content=\"2 minutes\" \/>\n<script type=\"application\/ld+json\" class=\"yoast-schema-graph\">{\"@context\":\"https:\/\/schema.org\",\"@graph\":[{\"@type\":\"WebPage\",\"@id\":\"https:\/\/ioda-congress.com\/2025\/denis-ayache\/\",\"url\":\"https:\/\/ioda-congress.com\/2025\/denis-ayache\/\",\"name\":\"Prof Denis Ayache - IODA\",\"isPartOf\":{\"@id\":\"https:\/\/ioda-congress.com\/2025\/#website\"},\"primaryImageOfPage\":{\"@id\":\"https:\/\/ioda-congress.com\/2025\/denis-ayache\/#primaryimage\"},\"image\":{\"@id\":\"https:\/\/ioda-congress.com\/2025\/denis-ayache\/#primaryimage\"},\"thumbnailUrl\":\"https:\/\/ioda-congress.com\/2025\/wp-content\/uploads\/2024\/02\/4.png\",\"datePublished\":\"2024-07-23T14:01:34+00:00\",\"dateModified\":\"2025-07-11T08:56:31+00:00\",\"description\":\"Discover Prof Denis Ayache, his expertise, professional background, and contributions to the IODA Congress.\",\"breadcrumb\":{\"@id\":\"https:\/\/ioda-congress.com\/2025\/denis-ayache\/#breadcrumb\"},\"inLanguage\":\"en-US\",\"potentialAction\":[{\"@type\":\"ReadAction\",\"target\":[\"https:\/\/ioda-congress.com\/2025\/denis-ayache\/\"]}]},{\"@type\":\"ImageObject\",\"inLanguage\":\"en-US\",\"@id\":\"https:\/\/ioda-congress.com\/2025\/denis-ayache\/#primaryimage\",\"url\":\"https:\/\/ioda-congress.com\/2025\/wp-content\/uploads\/2024\/02\/4.png\",\"contentUrl\":\"https:\/\/ioda-congress.com\/2025\/wp-content\/uploads\/2024\/02\/4.png\",\"width\":372,\"height\":338,\"caption\":\"scientific committee\"},{\"@type\":\"BreadcrumbList\",\"@id\":\"https:\/\/ioda-congress.com\/2025\/denis-ayache\/#breadcrumb\",\"itemListElement\":[{\"@type\":\"ListItem\",\"position\":1,\"name\":\"Home\",\"item\":\"https:\/\/ioda-congress.com\/2025\/\"},{\"@type\":\"ListItem\",\"position\":2,\"name\":\"-Prof Denis Ayache\"}]},{\"@type\":\"WebSite\",\"@id\":\"https:\/\/ioda-congress.com\/2025\/#website\",\"url\":\"https:\/\/ioda-congress.com\/2025\/\",\"name\":\"IODA congress\",\"description\":\"International Otology Disorders Academy\",\"publisher\":{\"@id\":\"https:\/\/ioda-congress.com\/2025\/#organization\"},\"potentialAction\":[{\"@type\":\"SearchAction\",\"target\":{\"@type\":\"EntryPoint\",\"urlTemplate\":\"https:\/\/ioda-congress.com\/2025\/?s={search_term_string}\"},\"query-input\":{\"@type\":\"PropertyValueSpecification\",\"valueRequired\":true,\"valueName\":\"search_term_string\"}}],\"inLanguage\":\"en-US\"},{\"@type\":\"Organization\",\"@id\":\"https:\/\/ioda-congress.com\/2025\/#organization\",\"name\":\"IODA\",\"url\":\"https:\/\/ioda-congress.com\/2025\/\",\"logo\":{\"@type\":\"ImageObject\",\"inLanguage\":\"en-US\",\"@id\":\"https:\/\/ioda-congress.com\/2025\/#\/schema\/logo\/image\/\",\"url\":\"https:\/\/ioda-congress.com\/2025\/wp-content\/uploads\/2024\/01\/IODA-logo.png\",\"contentUrl\":\"https:\/\/ioda-congress.com\/2025\/wp-content\/uploads\/2024\/01\/IODA-logo.png\",\"width\":498,\"height\":104,\"caption\":\"IODA\"},\"image\":{\"@id\":\"https:\/\/ioda-congress.com\/2025\/#\/schema\/logo\/image\/\"},\"sameAs\":[\"https:\/\/www.facebook.com\/IODAcademy\"]}]}<\/script>\n<!-- \/ Yoast SEO plugin. -->","yoast_head_json":{"title":"Prof Denis Ayache - IODA","description":"Discover Prof Denis Ayache, his expertise, professional background, and contributions to the IODA Congress.","robots":{"index":"index","follow":"follow","max-snippet":"max-snippet:-1","max-image-preview":"max-image-preview:large","max-video-preview":"max-video-preview:-1"},"canonical":"https:\/\/ioda-congress.com\/2025\/denis-ayache\/","og_locale":"en_US","og_type":"article","og_title":"Prof Denis Ayache - IODA","og_description":"Discover Prof Denis Ayache, his expertise, professional background, and contributions to the IODA Congress.","og_url":"https:\/\/ioda-congress.com\/2025\/denis-ayache\/","og_site_name":"IODA","article_publisher":"https:\/\/www.facebook.com\/IODAcademy","article_modified_time":"2025-07-11T08:56:31+00:00","og_image":[{"url":"https:\/\/ioda-congress.com\/2025\/wp-content\/uploads\/2024\/02\/4.png","type":"","width":"","height":""}],"twitter_card":"summary_large_image","twitter_misc":{"Est. reading time":"2 minutes"},"schema":{"@context":"https:\/\/schema.org","@graph":[{"@type":"WebPage","@id":"https:\/\/ioda-congress.com\/2025\/denis-ayache\/","url":"https:\/\/ioda-congress.com\/2025\/denis-ayache\/","name":"Prof Denis Ayache - IODA","isPartOf":{"@id":"https:\/\/ioda-congress.com\/2025\/#website"},"primaryImageOfPage":{"@id":"https:\/\/ioda-congress.com\/2025\/denis-ayache\/#primaryimage"},"image":{"@id":"https:\/\/ioda-congress.com\/2025\/denis-ayache\/#primaryimage"},"thumbnailUrl":"https:\/\/ioda-congress.com\/2025\/wp-content\/uploads\/2024\/02\/4.png","datePublished":"2024-07-23T14:01:34+00:00","dateModified":"2025-07-11T08:56:31+00:00","description":"Discover Prof Denis Ayache, his expertise, professional background, and contributions to the IODA Congress.","breadcrumb":{"@id":"https:\/\/ioda-congress.com\/2025\/denis-ayache\/#breadcrumb"},"inLanguage":"en-US","potentialAction":[{"@type":"ReadAction","target":["https:\/\/ioda-congress.com\/2025\/denis-ayache\/"]}]},{"@type":"ImageObject","inLanguage":"en-US","@id":"https:\/\/ioda-congress.com\/2025\/denis-ayache\/#primaryimage","url":"https:\/\/ioda-congress.com\/2025\/wp-content\/uploads\/2024\/02\/4.png","contentUrl":"https:\/\/ioda-congress.com\/2025\/wp-content\/uploads\/2024\/02\/4.png","width":372,"height":338,"caption":"scientific committee"},{"@type":"BreadcrumbList","@id":"https:\/\/ioda-congress.com\/2025\/denis-ayache\/#breadcrumb","itemListElement":[{"@type":"ListItem","position":1,"name":"Home","item":"https:\/\/ioda-congress.com\/2025\/"},{"@type":"ListItem","position":2,"name":"-Prof Denis Ayache"}]},{"@type":"WebSite","@id":"https:\/\/ioda-congress.com\/2025\/#website","url":"https:\/\/ioda-congress.com\/2025\/","name":"IODA congress","description":"International Otology Disorders Academy","publisher":{"@id":"https:\/\/ioda-congress.com\/2025\/#organization"},"potentialAction":[{"@type":"SearchAction","target":{"@type":"EntryPoint","urlTemplate":"https:\/\/ioda-congress.com\/2025\/?s={search_term_string}"},"query-input":{"@type":"PropertyValueSpecification","valueRequired":true,"valueName":"search_term_string"}}],"inLanguage":"en-US"},{"@type":"Organization","@id":"https:\/\/ioda-congress.com\/2025\/#organization","name":"IODA","url":"https:\/\/ioda-congress.com\/2025\/","logo":{"@type":"ImageObject","inLanguage":"en-US","@id":"https:\/\/ioda-congress.com\/2025\/#\/schema\/logo\/image\/","url":"https:\/\/ioda-congress.com\/2025\/wp-content\/uploads\/2024\/01\/IODA-logo.png","contentUrl":"https:\/\/ioda-congress.com\/2025\/wp-content\/uploads\/2024\/01\/IODA-logo.png","width":498,"height":104,"caption":"IODA"},"image":{"@id":"https:\/\/ioda-congress.com\/2025\/#\/schema\/logo\/image\/"},"sameAs":["https:\/\/www.facebook.com\/IODAcademy"]}]}},"_links":{"self":[{"href":"https:\/\/ioda-congress.com\/2025\/wp-json\/wp\/v2\/pages\/1737","targetHints":{"allow":["GET"]}}],"collection":[{"href":"https:\/\/ioda-congress.com\/2025\/wp-json\/wp\/v2\/pages"}],"about":[{"href":"https:\/\/ioda-congress.com\/2025\/wp-json\/wp\/v2\/types\/page"}],"author":[{"embeddable":true,"href":"https:\/\/ioda-congress.com\/2025\/wp-json\/wp\/v2\/users\/1"}],"replies":[{"embeddable":true,"href":"https:\/\/ioda-congress.com\/2025\/wp-json\/wp\/v2\/comments?post=1737"}],"version-history":[{"count":14,"href":"https:\/\/ioda-congress.com\/2025\/wp-json\/wp\/v2\/pages\/1737\/revisions"}],"predecessor-version":[{"id":1826,"href":"https:\/\/ioda-congress.com\/2025\/wp-json\/wp\/v2\/pages\/1737\/revisions\/1826"}],"wp:attachment":[{"href":"https:\/\/ioda-congress.com\/2025\/wp-json\/wp\/v2\/media?parent=1737"}],"curies":[{"name":"wp","href":"https:\/\/api.w.org\/{rel}","templated":true}]}}